{"id":156,"date":"2020-02-10T12:14:32","date_gmt":"2020-02-10T11:14:32","guid":{"rendered":"http:\/\/localhost\/?page_id=156"},"modified":"2020-02-18T12:15:27","modified_gmt":"2020-02-18T11:15:27","slug":"ziele","status":"publish","type":"page","link":"https:\/\/strasseschweiz.ch\/fr\/ziele\/","title":{"rendered":"Objectifs"},"content":{"rendered":"\n<p>routesuisse&nbsp;s&#8217;engage pour sauvegarder les int\u00e9r\u00eats du trafic routier et intervient en sa qualit\u00e9 d&#8217;organisation fa\u00eeti\u00e8re dans les cas o\u00f9 une action commune est souhait\u00e9e par ses membres. <\/p>\n\n\n\n<p><\/p>\n","protected":false},"excerpt":{"rendered":"<p>routesuisse&nbsp;s&#8217;engage pour sauvegarder les int\u00e9r\u00eats du trafic routier et intervient en sa qualit\u00e9 d&#8217;organisation fa\u00eeti\u00e8re dans les cas o\u00f9 une action commune est souhait\u00e9e par ses membres.<\/p>\n","protected":false},"author":5,"featured_media":0,"parent":0,"menu_order":0,"comment_status":"closed","ping_status":"closed","template":"","meta":{"footnotes":""},"yoast_head":"<!-- This site is optimized with the Yoast SEO plugin v21.9.1 - https:\/\/yoast.com\/wordpress\/plugins\/seo\/ -->\n<title>routesuisse - Objectifs<\/title>\n<meta name=\"description\" content=\"routesuisse s&#039;engage pour sauvegarder les int\u00e9r\u00eats du trafic routier.\" \/>\n<meta name=\"robots\" content=\"index, follow, max-snippet:-1, max-image-preview:large, max-video-preview:-1\" \/>\n<link rel=\"canonical\" href=\"https:\/\/strasseschweiz.ch\/fr\/ziele\/\" \/>\n<meta property=\"og:locale\" content=\"fr_FR\" \/>\n<meta property=\"og:type\" content=\"article\" \/>\n<meta property=\"og:title\" content=\"routesuisse - Objectifs\" \/>\n<meta property=\"og:description\" content=\"routesuisse s&#039;engage pour sauvegarder les int\u00e9r\u00eats du trafic routier.\" \/>\n<meta property=\"og:url\" content=\"https:\/\/strasseschweiz.ch\/fr\/ziele\/\" \/>\n<meta property=\"og:site_name\" content=\"routesuisse\" \/>\n<meta property=\"article:author\" content=\"Routesuisse\" \/>\n<meta property=\"article:modified_time\" content=\"2020-02-18T11:15:27+00:00\" \/>\n<meta property=\"og:image\" content=\"https:\/\/strasseschweiz.ch\/app\/uploads\/2021\/03\/header.jpg\" \/>\n\t<meta property=\"og:image:width\" content=\"2000\" \/>\n\t<meta property=\"og:image:height\" content=\"1334\" \/>\n\t<meta property=\"og:image:type\" content=\"image\/jpeg\" \/>\n<meta name=\"twitter:card\" content=\"summary_large_image\" \/>\n<script type=\"application\/ld+json\" class=\"yoast-schema-graph\">{\"@context\":\"https:\/\/schema.org\",\"@graph\":[{\"@type\":\"WebPage\",\"@id\":\"https:\/\/strasseschweiz.ch\/fr\/ziele\/\",\"url\":\"https:\/\/strasseschweiz.ch\/fr\/ziele\/\",\"name\":\"routesuisse - Objectifs\",\"isPartOf\":{\"@id\":\"https:\/\/strasseschweiz.ch\/fr\/#website\"},\"datePublished\":\"2020-02-10T11:14:32+00:00\",\"dateModified\":\"2020-02-18T11:15:27+00:00\",\"description\":\"routesuisse s'engage pour sauvegarder les int\u00e9r\u00eats du trafic routier.\",\"breadcrumb\":{\"@id\":\"https:\/\/strasseschweiz.ch\/fr\/ziele\/#breadcrumb\"},\"inLanguage\":\"fr-FR\",\"potentialAction\":[{\"@type\":\"ReadAction\",\"target\":[\"https:\/\/strasseschweiz.ch\/fr\/ziele\/\"]}]},{\"@type\":\"BreadcrumbList\",\"@id\":\"https:\/\/strasseschweiz.ch\/fr\/ziele\/#breadcrumb\",\"itemListElement\":[{\"@type\":\"ListItem\",\"position\":1,\"name\":\"Home\",\"item\":\"https:\/\/strasseschweiz.ch\/fr\/\"},{\"@type\":\"ListItem\",\"position\":2,\"name\":\"Objectifs\"}]},{\"@type\":\"WebSite\",\"@id\":\"https:\/\/strasseschweiz.ch\/fr\/#website\",\"url\":\"https:\/\/strasseschweiz.ch\/fr\/\",\"name\":\"routesuisse\",\"description\":\"\",\"potentialAction\":[{\"@type\":\"SearchAction\",\"target\":{\"@type\":\"EntryPoint\",\"urlTemplate\":\"https:\/\/strasseschweiz.ch\/fr\/?s={search_term_string}\"},\"query-input\":\"required name=search_term_string\"}],\"inLanguage\":\"fr-FR\"}]}<\/script>\n<!-- \/ Yoast SEO plugin. -->","yoast_head_json":{"title":"routesuisse - Objectifs","description":"routesuisse s'engage pour sauvegarder les int\u00e9r\u00eats du trafic routier.","robots":{"index":"index","follow":"follow","max-snippet":"max-snippet:-1","max-image-preview":"max-image-preview:large","max-video-preview":"max-video-preview:-1"},"canonical":"https:\/\/strasseschweiz.ch\/fr\/ziele\/","og_locale":"fr_FR","og_type":"article","og_title":"routesuisse - Objectifs","og_description":"routesuisse s'engage pour sauvegarder les int\u00e9r\u00eats du trafic routier.","og_url":"https:\/\/strasseschweiz.ch\/fr\/ziele\/","og_site_name":"routesuisse","article_author":"Routesuisse","article_modified_time":"2020-02-18T11:15:27+00:00","og_image":[{"width":2000,"height":1334,"url":"https:\/\/strasseschweiz.ch\/app\/uploads\/2021\/03\/header.jpg","type":"image\/jpeg"}],"twitter_card":"summary_large_image","schema":{"@context":"https:\/\/schema.org","@graph":[{"@type":"WebPage","@id":"https:\/\/strasseschweiz.ch\/fr\/ziele\/","url":"https:\/\/strasseschweiz.ch\/fr\/ziele\/","name":"routesuisse - Objectifs","isPartOf":{"@id":"https:\/\/strasseschweiz.ch\/fr\/#website"},"datePublished":"2020-02-10T11:14:32+00:00","dateModified":"2020-02-18T11:15:27+00:00","description":"routesuisse s'engage pour sauvegarder les int\u00e9r\u00eats du trafic routier.","breadcrumb":{"@id":"https:\/\/strasseschweiz.ch\/fr\/ziele\/#breadcrumb"},"inLanguage":"fr-FR","potentialAction":[{"@type":"ReadAction","target":["https:\/\/strasseschweiz.ch\/fr\/ziele\/"]}]},{"@type":"BreadcrumbList","@id":"https:\/\/strasseschweiz.ch\/fr\/ziele\/#breadcrumb","itemListElement":[{"@type":"ListItem","position":1,"name":"Home","item":"https:\/\/strasseschweiz.ch\/fr\/"},{"@type":"ListItem","position":2,"name":"Objectifs"}]},{"@type":"WebSite","@id":"https:\/\/strasseschweiz.ch\/fr\/#website","url":"https:\/\/strasseschweiz.ch\/fr\/","name":"routesuisse","description":"","potentialAction":[{"@type":"SearchAction","target":{"@type":"EntryPoint","urlTemplate":"https:\/\/strasseschweiz.ch\/fr\/?s={search_term_string}"},"query-input":"required name=search_term_string"}],"inLanguage":"fr-FR"}]}},"_links":{"self":[{"href":"https:\/\/strasseschweiz.ch\/fr\/wp-json\/wp\/v2\/pages\/156"}],"collection":[{"href":"https:\/\/strasseschweiz.ch\/fr\/wp-json\/wp\/v2\/pages"}],"about":[{"href":"https:\/\/strasseschweiz.ch\/fr\/wp-json\/wp\/v2\/types\/page"}],"author":[{"embeddable":true,"href":"https:\/\/strasseschweiz.ch\/fr\/wp-json\/wp\/v2\/users\/5"}],"replies":[{"embeddable":true,"href":"https:\/\/strasseschweiz.ch\/fr\/wp-json\/wp\/v2\/comments?post=156"}],"version-history":[{"count":5,"href":"https:\/\/strasseschweiz.ch\/fr\/wp-json\/wp\/v2\/pages\/156\/revisions"}],"predecessor-version":[{"id":439,"href":"https:\/\/strasseschweiz.ch\/fr\/wp-json\/wp\/v2\/pages\/156\/revisions\/439"}],"wp:attachment":[{"href":"https:\/\/strasseschweiz.ch\/fr\/wp-json\/wp\/v2\/media?parent=156"}],"curies":[{"name":"wp","href":"https:\/\/api.w.org\/{rel}","templated":true}]}}