{"id":159,"date":"2020-02-10T12:35:16","date_gmt":"2020-02-10T11:35:16","guid":{"rendered":"http:\/\/localhost\/?page_id=159"},"modified":"2023-01-05T16:48:29","modified_gmt":"2023-01-05T15:48:29","slug":"mentions-legales","status":"publish","type":"page","link":"https:\/\/strasseschweiz.ch\/fr\/mentions-legales\/","title":{"rendered":"Mentions l\u00e9gales"},"content":{"rendered":"\n<p><strong>Adresse de contact<br><\/strong>routesuisse &#8211; F\u00e9d\u00e9ration routi\u00e8re suisse FRS<br>W\u00f6lflistrasse 5<br>CH-3006 Berne<br>Forme juridique: association, fond\u00e9e en 1944<br><br><strong>Personnes ayant droit de repr\u00e9senter l&#8217;association<br><\/strong>Olivier Fantino, Directeur<\/p>\n\n\n\n<p><strong>Exclusion de responsabilit\u00e9<br><\/strong>routesuisse n&#8217;assume aucune responsabilit\u00e9 quant \u00e0 l&#8217;exactitude mat\u00e9rielle, la pr\u00e9cision, l&#8217;actualit\u00e9, la fiabilit\u00e9 et l&#8217;exhaustivit\u00e9 des informations.<\/p>\n\n\n\n<p>Les \u00e9ventuels droits du fait de la responsabilit\u00e9 de routesuisse \u00e0 la suite de dommages mat\u00e9riels ou immat\u00e9riels r\u00e9sultant de l&#8217;acc\u00e8s ou de l&#8217;utilisation, voire de la non-utilisation d&#8217;informations publi\u00e9es, d&#8217;une utilisation abusive de la connexion ou de d\u00e9rangements techniques sont exclus.<\/p>\n\n\n\n<p>Toutes les offres sont sans engagement. routesuisse se r\u00e9serve express\u00e9ment le droit de modifier, d&#8217;effacer des parties de pages ou la totalit\u00e9 de son offre sans pr\u00e9avis ou de suspendre temporairement ou d\u00e9finitivement la parution.&nbsp;&nbsp;&nbsp;&nbsp;<br><br><strong>Responsabilit\u00e9 des liens<br><\/strong>Les renvois ou liens vers des pages internet tierces sont exclus du domaine de responsabilit\u00e9 de routesuisse. Toute responsabilit\u00e9 quant \u00e0 ces pages internet est refus\u00e9e. L&#8217;acc\u00e8s \u00e0 ces pages et leur utilisation est aux risques et p\u00e9rils de l&#8217;utilisateur.<br><br><strong>Droits d&#8217;auteur<br><\/strong>Les droits d&#8217;auteur et tous les autres droits quant aux contenus, images, photos et autres fichiers sur le site internet www.routesuisse.ch appartiennent exclusivement \u00e0 routesuisse ou aux propri\u00e9taires sp\u00e9cialement mentionn\u00e9s. La reproduction de tout \u00e9l\u00e9ment exige l&#8217;accord pr\u00e9alable \u00e9crit des propri\u00e9taires des droits.<br><br><strong>Protection des donn\u00e9es<br><\/strong>Conform\u00e9ment \u00e0 l&#8217;article 13 de la Constitution f\u00e9d\u00e9rale suisse et des dispositions f\u00e9d\u00e9rales sur la protection des donn\u00e9es (loi sur la protection des donn\u00e9es, LPD), chaque personne a droit \u00e0 la protection de sa sph\u00e8re priv\u00e9e ainsi qu&#8217;\u00e0 la protection de ses donn\u00e9es personnelles contre des abus. routesuisse respecte ces dispositions. Les donn\u00e9es personnelles sont trait\u00e9es de mani\u00e8re strictement confidentielle et ne sont ni transmises, ni vendues \u00e0 des tiers.<\/p>\n\n\n\n<p>En \u00e9troite collaboration avec le provider de notre site internet, nous nous effor\u00e7ons de prot\u00e9ger le mieux possible les banques de donn\u00e9es contre des acc\u00e8s de tiers, des pertes, des abus ou des falsifications.<br>Lors de l&#8217;acc\u00e8s \u00e0 nos pages internet, les donn\u00e9es suivantes sont sauvegard\u00e9es dans des logfiles: adresse IP, date, heure, demande du logiciel d&#8217;exploration et informations transmises de mani\u00e8re g\u00e9n\u00e9rale concernant le syst\u00e8me d&#8217;exploitation ou d&#8217;exploration. Ces donn\u00e9es d&#8217;utilisation servent de base \u00e0 des analyses statistiques anonymes afin d&#8217;identifier des tendances et d&#8217;am\u00e9liorer nos offres.<\/p>\n\n\n\n<p><strong>Content Management System WordPress<br><\/strong><a rel=\"noreferrer noopener\" href=\"http:\/\/www.foresite.ch\/\" target=\"_blank\">foresite AG<\/a><br>Bahnhofstrasse 10A<br>CH-3073 G\u00fcmligen <\/p>\n","protected":false},"excerpt":{"rendered":"<p>Adresse de contactroutesuisse &#8211; F\u00e9d\u00e9ration routi\u00e8re suisse FRSW\u00f6lflistrasse 5CH-3006 BerneForme juridique: association, fond\u00e9e en 1944 Personnes ayant droit de repr\u00e9senter l&#8217;associationOlivier Fantino, Directeur Exclusion de responsabilit\u00e9routesuisse n&#8217;assume aucune responsabilit\u00e9 quant \u00e0 l&#8217;exactitude mat\u00e9rielle, la pr\u00e9cision, l&#8217;actualit\u00e9, la fiabilit\u00e9 et l&#8217;exhaustivit\u00e9 des informations. Les \u00e9ventuels droits du fait de la responsabilit\u00e9 de routesuisse \u00e0 la suite &hellip;<\/p>\n","protected":false},"author":5,"featured_media":0,"parent":0,"menu_order":0,"comment_status":"closed","ping_status":"closed","template":"","meta":{"footnotes":""},"yoast_head":"<!-- This site is optimized with the Yoast SEO plugin v21.9.1 - https:\/\/yoast.com\/wordpress\/plugins\/seo\/ -->\n<title>routesuisse - Mentions l\u00e9gales<\/title>\n<meta name=\"description\" content=\"routesuisse s&#039;engage pour sauvegarder les int\u00e9r\u00eats du trafic routier.\" \/>\n<meta name=\"robots\" content=\"index, follow, max-snippet:-1, max-image-preview:large, max-video-preview:-1\" \/>\n<link rel=\"canonical\" href=\"https:\/\/strasseschweiz.ch\/fr\/mentions-legales\/\" \/>\n<meta property=\"og:locale\" content=\"fr_FR\" \/>\n<meta property=\"og:type\" content=\"article\" \/>\n<meta property=\"og:title\" content=\"routesuisse - Mentions l\u00e9gales\" \/>\n<meta property=\"og:description\" content=\"routesuisse s&#039;engage pour sauvegarder les int\u00e9r\u00eats du trafic routier.\" \/>\n<meta property=\"og:url\" content=\"https:\/\/strasseschweiz.ch\/fr\/mentions-legales\/\" \/>\n<meta property=\"og:site_name\" content=\"routesuisse\" \/>\n<meta property=\"article:author\" content=\"Routesuisse\" \/>\n<meta property=\"article:modified_time\" content=\"2023-01-05T15:48:29+00:00\" \/>\n<meta property=\"og:image\" content=\"https:\/\/strasseschweiz.ch\/app\/uploads\/2021\/03\/header.jpg\" \/>\n\t<meta property=\"og:image:width\" content=\"2000\" \/>\n\t<meta property=\"og:image:height\" content=\"1334\" \/>\n\t<meta property=\"og:image:type\" content=\"image\/jpeg\" \/>\n<meta name=\"twitter:card\" content=\"summary_large_image\" \/>\n<meta name=\"twitter:label1\" content=\"Est. reading time\" \/>\n\t<meta name=\"twitter:data1\" content=\"3 minutes\" \/>\n<script type=\"application\/ld+json\" class=\"yoast-schema-graph\">{\"@context\":\"https:\/\/schema.org\",\"@graph\":[{\"@type\":\"WebPage\",\"@id\":\"https:\/\/strasseschweiz.ch\/fr\/mentions-legales\/\",\"url\":\"https:\/\/strasseschweiz.ch\/fr\/mentions-legales\/\",\"name\":\"routesuisse - Mentions l\u00e9gales\",\"isPartOf\":{\"@id\":\"https:\/\/strasseschweiz.ch\/fr\/#website\"},\"datePublished\":\"2020-02-10T11:35:16+00:00\",\"dateModified\":\"2023-01-05T15:48:29+00:00\",\"description\":\"routesuisse s'engage pour sauvegarder les int\u00e9r\u00eats du trafic routier.\",\"breadcrumb\":{\"@id\":\"https:\/\/strasseschweiz.ch\/fr\/mentions-legales\/#breadcrumb\"},\"inLanguage\":\"fr-FR\",\"potentialAction\":[{\"@type\":\"ReadAction\",\"target\":[\"https:\/\/strasseschweiz.ch\/fr\/mentions-legales\/\"]}]},{\"@type\":\"BreadcrumbList\",\"@id\":\"https:\/\/strasseschweiz.ch\/fr\/mentions-legales\/#breadcrumb\",\"itemListElement\":[{\"@type\":\"ListItem\",\"position\":1,\"name\":\"Home\",\"item\":\"https:\/\/strasseschweiz.ch\/fr\/\"},{\"@type\":\"ListItem\",\"position\":2,\"name\":\"Mentions l\u00e9gales\"}]},{\"@type\":\"WebSite\",\"@id\":\"https:\/\/strasseschweiz.ch\/fr\/#website\",\"url\":\"https:\/\/strasseschweiz.ch\/fr\/\",\"name\":\"routesuisse\",\"description\":\"\",\"potentialAction\":[{\"@type\":\"SearchAction\",\"target\":{\"@type\":\"EntryPoint\",\"urlTemplate\":\"https:\/\/strasseschweiz.ch\/fr\/?s={search_term_string}\"},\"query-input\":\"required name=search_term_string\"}],\"inLanguage\":\"fr-FR\"}]}<\/script>\n<!-- \/ Yoast SEO plugin. -->","yoast_head_json":{"title":"routesuisse - Mentions l\u00e9gales","description":"routesuisse s'engage pour sauvegarder les int\u00e9r\u00eats du trafic routier.","robots":{"index":"index","follow":"follow","max-snippet":"max-snippet:-1","max-image-preview":"max-image-preview:large","max-video-preview":"max-video-preview:-1"},"canonical":"https:\/\/strasseschweiz.ch\/fr\/mentions-legales\/","og_locale":"fr_FR","og_type":"article","og_title":"routesuisse - Mentions l\u00e9gales","og_description":"routesuisse s'engage pour sauvegarder les int\u00e9r\u00eats du trafic routier.","og_url":"https:\/\/strasseschweiz.ch\/fr\/mentions-legales\/","og_site_name":"routesuisse","article_author":"Routesuisse","article_modified_time":"2023-01-05T15:48:29+00:00","og_image":[{"width":2000,"height":1334,"url":"https:\/\/strasseschweiz.ch\/app\/uploads\/2021\/03\/header.jpg","type":"image\/jpeg"}],"twitter_card":"summary_large_image","twitter_misc":{"Est. reading time":"3 minutes"},"schema":{"@context":"https:\/\/schema.org","@graph":[{"@type":"WebPage","@id":"https:\/\/strasseschweiz.ch\/fr\/mentions-legales\/","url":"https:\/\/strasseschweiz.ch\/fr\/mentions-legales\/","name":"routesuisse - Mentions l\u00e9gales","isPartOf":{"@id":"https:\/\/strasseschweiz.ch\/fr\/#website"},"datePublished":"2020-02-10T11:35:16+00:00","dateModified":"2023-01-05T15:48:29+00:00","description":"routesuisse s'engage pour sauvegarder les int\u00e9r\u00eats du trafic routier.","breadcrumb":{"@id":"https:\/\/strasseschweiz.ch\/fr\/mentions-legales\/#breadcrumb"},"inLanguage":"fr-FR","potentialAction":[{"@type":"ReadAction","target":["https:\/\/strasseschweiz.ch\/fr\/mentions-legales\/"]}]},{"@type":"BreadcrumbList","@id":"https:\/\/strasseschweiz.ch\/fr\/mentions-legales\/#breadcrumb","itemListElement":[{"@type":"ListItem","position":1,"name":"Home","item":"https:\/\/strasseschweiz.ch\/fr\/"},{"@type":"ListItem","position":2,"name":"Mentions l\u00e9gales"}]},{"@type":"WebSite","@id":"https:\/\/strasseschweiz.ch\/fr\/#website","url":"https:\/\/strasseschweiz.ch\/fr\/","name":"routesuisse","description":"","potentialAction":[{"@type":"SearchAction","target":{"@type":"EntryPoint","urlTemplate":"https:\/\/strasseschweiz.ch\/fr\/?s={search_term_string}"},"query-input":"required name=search_term_string"}],"inLanguage":"fr-FR"}]}},"_links":{"self":[{"href":"https:\/\/strasseschweiz.ch\/fr\/wp-json\/wp\/v2\/pages\/159"}],"collection":[{"href":"https:\/\/strasseschweiz.ch\/fr\/wp-json\/wp\/v2\/pages"}],"about":[{"href":"https:\/\/strasseschweiz.ch\/fr\/wp-json\/wp\/v2\/types\/page"}],"author":[{"embeddable":true,"href":"https:\/\/strasseschweiz.ch\/fr\/wp-json\/wp\/v2\/users\/5"}],"replies":[{"embeddable":true,"href":"https:\/\/strasseschweiz.ch\/fr\/wp-json\/wp\/v2\/comments?post=159"}],"version-history":[{"count":5,"href":"https:\/\/strasseschweiz.ch\/fr\/wp-json\/wp\/v2\/pages\/159\/revisions"}],"predecessor-version":[{"id":1234,"href":"https:\/\/strasseschweiz.ch\/fr\/wp-json\/wp\/v2\/pages\/159\/revisions\/1234"}],"wp:attachment":[{"href":"https:\/\/strasseschweiz.ch\/fr\/wp-json\/wp\/v2\/media?parent=159"}],"curies":[{"name":"wp","href":"https:\/\/api.w.org\/{rel}","templated":true}]}}