{"id":1770,"date":"2024-07-18T14:48:09","date_gmt":"2024-07-18T12:48:09","guid":{"rendered":"https:\/\/www.strasseschweiz.ch\/?page_id=1770"},"modified":"2024-07-18T14:49:11","modified_gmt":"2024-07-18T12:49:11","slug":"anmeldeformular-fur-inforamationsmaterial-strassescchweiz","status":"publish","type":"page","link":"https:\/\/strasseschweiz.ch\/fr\/anmeldeformular-fur-inforamationsmaterial-strassescchweiz\/","title":{"rendered":"Anmeldeformular f\u00fcr Inforamationsmaterial strasseschweiz"},"content":{"rendered":"<style id=\"wpforms-css-vars-root\">\n\t\t\t\t:root {\n\t\t\t\t\t--wpforms-field-border-radius: 3px;\n--wpforms-field-background-color: #ffffff;\n--wpforms-field-border-color: rgba( 0, 0, 0, 0.25 );\n--wpforms-field-text-color: rgba( 0, 0, 0, 0.7 );\n--wpforms-label-color: rgba( 0, 0, 0, 0.85 );\n--wpforms-label-sublabel-color: rgba( 0, 0, 0, 0.55 );\n--wpforms-label-error-color: #d63637;\n--wpforms-button-border-radius: 3px;\n--wpforms-button-background-color: #066aab;\n--wpforms-button-text-color: #ffffff;\n--wpforms-page-break-color: #066aab;\n--wpforms-field-size-input-height: 43px;\n--wpforms-field-size-input-spacing: 15px;\n--wpforms-field-size-font-size: 16px;\n--wpforms-field-size-line-height: 19px;\n--wpforms-field-size-padding-h: 14px;\n--wpforms-field-size-checkbox-size: 16px;\n--wpforms-field-size-sublabel-spacing: 5px;\n--wpforms-field-size-icon-size: 1;\n--wpforms-label-size-font-size: 16px;\n--wpforms-label-size-line-height: 19px;\n--wpforms-label-size-sublabel-font-size: 14px;\n--wpforms-label-size-sublabel-line-height: 17px;\n--wpforms-button-size-font-size: 17px;\n--wpforms-button-size-height: 41px;\n--wpforms-button-size-padding-h: 15px;\n--wpforms-button-size-margin-top: 10px;\n\n\t\t\t\t}\n\t\t\t<\/style><div class=\"wpforms-container wpforms-container-full wpforms-block wpforms-block-8d79e0b0-39e3-4b43-a10f-011a5b307694 wpforms-render-modern\" id=\"wpforms-1690\"><form id=\"wpforms-form-1690\" class=\"wpforms-validate wpforms-form wpforms-ajax-form\" data-formid=\"1690\" method=\"post\" enctype=\"multipart\/form-data\" action=\"\/fr\/wp-json\/wp\/v2\/pages\/1770\" data-token=\"fd3fba99e4349676968eb8537cd076fe\"><noscript class=\"wpforms-error-noscript\">Please enable JavaScript in your browser to complete this form.<\/noscript><div class=\"wpforms-hidden\" id=\"wpforms-error-noscript\">Please enable JavaScript in your browser to complete this form.<\/div><div class=\"wpforms-field-container\"><div id=\"wpforms-1690-field_1-container\" class=\"wpforms-field wpforms-field-text\" data-field-id=\"1\"><label class=\"wpforms-field-label\" for=\"wpforms-1690-field_1\">Organisation<\/label><input type=\"text\" id=\"wpforms-1690-field_1\" class=\"wpforms-field-medium\" name=\"wpforms[fields][1]\" aria-errormessage=\"wpforms-1690-field_1-error\" ><\/div><div id=\"wpforms-1690-field_2-container\" class=\"wpforms-field wpforms-field-text\" data-field-id=\"2\"><label class=\"wpforms-field-label\" for=\"wpforms-1690-field_2\">Name + Vorname<\/label><input type=\"text\" id=\"wpforms-1690-field_2\" class=\"wpforms-field-medium\" name=\"wpforms[fields][2]\" aria-errormessage=\"wpforms-1690-field_2-error\" ><\/div><div id=\"wpforms-1690-field_6-container\" class=\"wpforms-field wpforms-field-text\" data-field-id=\"6\"><label class=\"wpforms-field-label\" for=\"wpforms-1690-field_6\">E-Mail Adresse <\/label><input type=\"text\" id=\"wpforms-1690-field_6\" class=\"wpforms-field-medium\" name=\"wpforms[fields][6]\" aria-errormessage=\"wpforms-1690-field_6-error\" ><\/div><div id=\"wpforms-1690-field_7-container\" class=\"wpforms-field wpforms-field-checkbox\" data-field-id=\"7\"><fieldset><legend class=\"wpforms-field-label\">MEDIENSPIEGEL<\/legend><ul id=\"wpforms-1690-field_7\"><li class=\"choice-1 depth-1\"><input type=\"checkbox\" id=\"wpforms-1690-field_7_1\" name=\"wpforms[fields][7][]\" value=\"JA\" aria-errormessage=\"wpforms-1690-field_7_1-error\" aria-describedby=\"wpforms-1690-field_7-description\"  ><label class=\"wpforms-field-label-inline\" for=\"wpforms-1690-field_7_1\">JA<\/label><\/li><li class=\"choice-2 depth-1\"><input type=\"checkbox\" id=\"wpforms-1690-field_7_2\" name=\"wpforms[fields][7][]\" value=\"NEIN\" aria-errormessage=\"wpforms-1690-field_7_2-error\" aria-describedby=\"wpforms-1690-field_7-description\"  ><label class=\"wpforms-field-label-inline\" for=\"wpforms-1690-field_7_2\">NEIN<\/label><\/li><\/ul><div id=\"wpforms-1690-field_7-description\" class=\"wpforms-field-description\">Ich m\u00f6chte den News Radar Medienspiegel von strasseschweiz erhalten.<\/div><\/fieldset><\/div><div id=\"wpforms-1690-field_8-container\" class=\"wpforms-field wpforms-field-checkbox\" data-field-id=\"8\"><fieldset><legend class=\"wpforms-field-label\">POLITISCHES MONITORING<\/legend><ul id=\"wpforms-1690-field_8\"><li class=\"choice-1 depth-1\"><input type=\"checkbox\" id=\"wpforms-1690-field_8_1\" name=\"wpforms[fields][8][]\" value=\"JA\" aria-errormessage=\"wpforms-1690-field_8_1-error\" aria-describedby=\"wpforms-1690-field_8-description\"  ><label class=\"wpforms-field-label-inline\" for=\"wpforms-1690-field_8_1\">JA<\/label><\/li><li class=\"choice-2 depth-1\"><input type=\"checkbox\" id=\"wpforms-1690-field_8_2\" name=\"wpforms[fields][8][]\" value=\"NEIN\" aria-errormessage=\"wpforms-1690-field_8_2-error\" aria-describedby=\"wpforms-1690-field_8-description\"  ><label class=\"wpforms-field-label-inline\" for=\"wpforms-1690-field_8_2\">NEIN<\/label><\/li><\/ul><div id=\"wpforms-1690-field_8-description\" class=\"wpforms-field-description\">Ich m\u00f6chte das Politische Monitoring von strasseschweiz erhalten.<\/div><\/fieldset><\/div><div id=\"wpforms-1690-field_10-container\" class=\"wpforms-field wpforms-field-checkbox\" data-field-id=\"10\"><fieldset><legend class=\"wpforms-field-label\">ONLINE KOORDINATIONSITZUNG<\/legend><ul id=\"wpforms-1690-field_10\"><li class=\"choice-1 depth-1\"><input type=\"checkbox\" id=\"wpforms-1690-field_10_1\" name=\"wpforms[fields][10][]\" value=\"JA\" aria-errormessage=\"wpforms-1690-field_10_1-error\" aria-describedby=\"wpforms-1690-field_10-description\"  ><label class=\"wpforms-field-label-inline\" for=\"wpforms-1690-field_10_1\">JA<\/label><\/li><li class=\"choice-2 depth-1\"><input type=\"checkbox\" id=\"wpforms-1690-field_10_2\" name=\"wpforms[fields][10][]\" value=\"NEIN\" aria-errormessage=\"wpforms-1690-field_10_2-error\" aria-describedby=\"wpforms-1690-field_10-description\"  ><label class=\"wpforms-field-label-inline\" for=\"wpforms-1690-field_10_2\">NEIN<\/label><\/li><\/ul><div id=\"wpforms-1690-field_10-description\" class=\"wpforms-field-description\">Ich m\u00f6chte an der Online Koordinationssitzung teilnehmen.<\/div><\/fieldset><\/div><div id=\"wpforms-1690-field_9-container\" class=\"wpforms-field wpforms-field-textarea\" data-field-id=\"9\"><label class=\"wpforms-field-label\" for=\"wpforms-1690-field_9\">Bemerkungen \/ Mitteilung<\/label><textarea id=\"wpforms-1690-field_9\" class=\"wpforms-field-medium\" name=\"wpforms[fields][9]\" aria-errormessage=\"wpforms-1690-field_9-error\" ><\/textarea><\/div><\/div><!-- .wpforms-field-container --><div class=\"wpforms-submit-container\" ><input type=\"hidden\" name=\"wpforms[id]\" value=\"1690\"><input type=\"hidden\" name=\"wpforms[author]\" value=\"5\"><button type=\"submit\" name=\"wpforms[submit]\" id=\"wpforms-submit-1690\" class=\"wpforms-submit\" data-alt-text=\"Inviare...\" data-submit-text=\"Absenden\" aria-live=\"assertive\" value=\"wpforms-submit\">Absenden<\/button><img loading=\"lazy\" decoding=\"async\" src=\"https:\/\/strasseschweiz.ch\/app\/plugins\/wpforms\/assets\/images\/submit-spin.svg\" class=\"wpforms-submit-spinner\" style=\"display: none;\" width=\"26\" height=\"26\" alt=\"Loading\"><\/div><\/form><\/div>  <!-- .wpforms-container -->","protected":false},"excerpt":{"rendered":"","protected":false},"author":5,"featured_media":0,"parent":0,"menu_order":0,"comment_status":"closed","ping_status":"closed","template":"","meta":{"footnotes":""},"yoast_head":"<!-- This site is optimized with the Yoast SEO plugin v21.9.1 - https:\/\/yoast.com\/wordpress\/plugins\/seo\/ -->\n<title>routesuisse - Anmeldeformular f\u00fcr Inforamationsmaterial strasseschweiz<\/title>\n<meta name=\"description\" content=\"routesuisse s&#039;engage pour sauvegarder les int\u00e9r\u00eats du trafic routier.\" \/>\n<meta name=\"robots\" content=\"index, follow, max-snippet:-1, max-image-preview:large, max-video-preview:-1\" \/>\n<link rel=\"canonical\" href=\"https:\/\/strasseschweiz.ch\/fr\/anmeldeformular-fur-inforamationsmaterial-strassescchweiz\/\" \/>\n<meta property=\"og:locale\" content=\"fr_FR\" \/>\n<meta property=\"og:type\" content=\"article\" \/>\n<meta property=\"og:title\" content=\"routesuisse - Anmeldeformular f\u00fcr Inforamationsmaterial strasseschweiz\" \/>\n<meta property=\"og:description\" content=\"routesuisse s&#039;engage pour sauvegarder les int\u00e9r\u00eats du trafic routier.\" \/>\n<meta property=\"og:url\" content=\"https:\/\/strasseschweiz.ch\/fr\/anmeldeformular-fur-inforamationsmaterial-strassescchweiz\/\" \/>\n<meta property=\"og:site_name\" content=\"routesuisse\" \/>\n<meta property=\"article:author\" content=\"Routesuisse\" \/>\n<meta property=\"article:modified_time\" content=\"2024-07-18T12:49:11+00:00\" \/>\n<meta property=\"og:image\" content=\"https:\/\/strasseschweiz.ch\/app\/uploads\/2021\/03\/header.jpg\" \/>\n\t<meta property=\"og:image:width\" content=\"2000\" \/>\n\t<meta property=\"og:image:height\" content=\"1334\" \/>\n\t<meta property=\"og:image:type\" content=\"image\/jpeg\" \/>\n<meta name=\"twitter:card\" content=\"summary_large_image\" \/>\n<script type=\"application\/ld+json\" class=\"yoast-schema-graph\">{\"@context\":\"https:\/\/schema.org\",\"@graph\":[{\"@type\":\"WebPage\",\"@id\":\"https:\/\/strasseschweiz.ch\/fr\/anmeldeformular-fur-inforamationsmaterial-strassescchweiz\/\",\"url\":\"https:\/\/strasseschweiz.ch\/fr\/anmeldeformular-fur-inforamationsmaterial-strassescchweiz\/\",\"name\":\"routesuisse - Anmeldeformular f\u00fcr Inforamationsmaterial strasseschweiz\",\"isPartOf\":{\"@id\":\"https:\/\/strasseschweiz.ch\/fr\/#website\"},\"datePublished\":\"2024-07-18T12:48:09+00:00\",\"dateModified\":\"2024-07-18T12:49:11+00:00\",\"description\":\"routesuisse s'engage pour sauvegarder les int\u00e9r\u00eats du trafic routier.\",\"breadcrumb\":{\"@id\":\"https:\/\/strasseschweiz.ch\/fr\/anmeldeformular-fur-inforamationsmaterial-strassescchweiz\/#breadcrumb\"},\"inLanguage\":\"fr-FR\",\"potentialAction\":[{\"@type\":\"ReadAction\",\"target\":[\"https:\/\/strasseschweiz.ch\/fr\/anmeldeformular-fur-inforamationsmaterial-strassescchweiz\/\"]}]},{\"@type\":\"BreadcrumbList\",\"@id\":\"https:\/\/strasseschweiz.ch\/fr\/anmeldeformular-fur-inforamationsmaterial-strassescchweiz\/#breadcrumb\",\"itemListElement\":[{\"@type\":\"ListItem\",\"position\":1,\"name\":\"Home\",\"item\":\"https:\/\/strasseschweiz.ch\/fr\/\"},{\"@type\":\"ListItem\",\"position\":2,\"name\":\"Anmeldeformular f\u00fcr Inforamationsmaterial strasseschweiz\"}]},{\"@type\":\"WebSite\",\"@id\":\"https:\/\/strasseschweiz.ch\/fr\/#website\",\"url\":\"https:\/\/strasseschweiz.ch\/fr\/\",\"name\":\"routesuisse\",\"description\":\"\",\"potentialAction\":[{\"@type\":\"SearchAction\",\"target\":{\"@type\":\"EntryPoint\",\"urlTemplate\":\"https:\/\/strasseschweiz.ch\/fr\/?s={search_term_string}\"},\"query-input\":\"required name=search_term_string\"}],\"inLanguage\":\"fr-FR\"}]}<\/script>\n<!-- \/ Yoast SEO plugin. -->","yoast_head_json":{"title":"routesuisse - Anmeldeformular f\u00fcr Inforamationsmaterial strasseschweiz","description":"routesuisse s'engage pour sauvegarder les int\u00e9r\u00eats du trafic routier.","robots":{"index":"index","follow":"follow","max-snippet":"max-snippet:-1","max-image-preview":"max-image-preview:large","max-video-preview":"max-video-preview:-1"},"canonical":"https:\/\/strasseschweiz.ch\/fr\/anmeldeformular-fur-inforamationsmaterial-strassescchweiz\/","og_locale":"fr_FR","og_type":"article","og_title":"routesuisse - Anmeldeformular f\u00fcr Inforamationsmaterial strasseschweiz","og_description":"routesuisse s'engage pour sauvegarder les int\u00e9r\u00eats du trafic routier.","og_url":"https:\/\/strasseschweiz.ch\/fr\/anmeldeformular-fur-inforamationsmaterial-strassescchweiz\/","og_site_name":"routesuisse","article_author":"Routesuisse","article_modified_time":"2024-07-18T12:49:11+00:00","og_image":[{"width":2000,"height":1334,"url":"https:\/\/strasseschweiz.ch\/app\/uploads\/2021\/03\/header.jpg","type":"image\/jpeg"}],"twitter_card":"summary_large_image","schema":{"@context":"https:\/\/schema.org","@graph":[{"@type":"WebPage","@id":"https:\/\/strasseschweiz.ch\/fr\/anmeldeformular-fur-inforamationsmaterial-strassescchweiz\/","url":"https:\/\/strasseschweiz.ch\/fr\/anmeldeformular-fur-inforamationsmaterial-strassescchweiz\/","name":"routesuisse - Anmeldeformular f\u00fcr Inforamationsmaterial strasseschweiz","isPartOf":{"@id":"https:\/\/strasseschweiz.ch\/fr\/#website"},"datePublished":"2024-07-18T12:48:09+00:00","dateModified":"2024-07-18T12:49:11+00:00","description":"routesuisse s'engage pour sauvegarder les int\u00e9r\u00eats du trafic routier.","breadcrumb":{"@id":"https:\/\/strasseschweiz.ch\/fr\/anmeldeformular-fur-inforamationsmaterial-strassescchweiz\/#breadcrumb"},"inLanguage":"fr-FR","potentialAction":[{"@type":"ReadAction","target":["https:\/\/strasseschweiz.ch\/fr\/anmeldeformular-fur-inforamationsmaterial-strassescchweiz\/"]}]},{"@type":"BreadcrumbList","@id":"https:\/\/strasseschweiz.ch\/fr\/anmeldeformular-fur-inforamationsmaterial-strassescchweiz\/#breadcrumb","itemListElement":[{"@type":"ListItem","position":1,"name":"Home","item":"https:\/\/strasseschweiz.ch\/fr\/"},{"@type":"ListItem","position":2,"name":"Anmeldeformular f\u00fcr Inforamationsmaterial strasseschweiz"}]},{"@type":"WebSite","@id":"https:\/\/strasseschweiz.ch\/fr\/#website","url":"https:\/\/strasseschweiz.ch\/fr\/","name":"routesuisse","description":"","potentialAction":[{"@type":"SearchAction","target":{"@type":"EntryPoint","urlTemplate":"https:\/\/strasseschweiz.ch\/fr\/?s={search_term_string}"},"query-input":"required name=search_term_string"}],"inLanguage":"fr-FR"}]}},"_links":{"self":[{"href":"https:\/\/strasseschweiz.ch\/fr\/wp-json\/wp\/v2\/pages\/1770"}],"collection":[{"href":"https:\/\/strasseschweiz.ch\/fr\/wp-json\/wp\/v2\/pages"}],"about":[{"href":"https:\/\/strasseschweiz.ch\/fr\/wp-json\/wp\/v2\/types\/page"}],"author":[{"embeddable":true,"href":"https:\/\/strasseschweiz.ch\/fr\/wp-json\/wp\/v2\/users\/5"}],"replies":[{"embeddable":true,"href":"https:\/\/strasseschweiz.ch\/fr\/wp-json\/wp\/v2\/comments?post=1770"}],"version-history":[{"count":2,"href":"https:\/\/strasseschweiz.ch\/fr\/wp-json\/wp\/v2\/pages\/1770\/revisions"}],"predecessor-version":[{"id":1775,"href":"https:\/\/strasseschweiz.ch\/fr\/wp-json\/wp\/v2\/pages\/1770\/revisions\/1775"}],"wp:attachment":[{"href":"https:\/\/strasseschweiz.ch\/fr\/wp-json\/wp\/v2\/media?parent=1770"}],"curies":[{"name":"wp","href":"https:\/\/api.w.org\/{rel}","templated":true}]}}