{"id":2428,"date":"2026-03-24T14:59:06","date_gmt":"2026-03-24T13:59:06","guid":{"rendered":"https:\/\/strasseschweiz.ch\/?page_id=2428"},"modified":"2026-03-24T14:59:06","modified_gmt":"2026-03-24T13:59:06","slug":"assemblee-generale-routesuisse-2026","status":"publish","type":"page","link":"https:\/\/strasseschweiz.ch\/fr\/assemblee-generale-routesuisse-2026\/","title":{"rendered":"Assembl\u00e9e g\u00e9n\u00e9rale routesuisse 2026"},"content":{"rendered":"<script type=\"text\/javascript\">var gform;gform||(document.addEventListener(\"gform_main_scripts_loaded\",function(){gform.scriptsLoaded=!0}),window.addEventListener(\"DOMContentLoaded\",function(){gform.domLoaded=!0}),gform={domLoaded:!1,scriptsLoaded:!1,initializeOnLoaded:function(o){gform.domLoaded&&gform.scriptsLoaded?o():!gform.domLoaded&&gform.scriptsLoaded?window.addEventListener(\"DOMContentLoaded\",o):document.addEventListener(\"gform_main_scripts_loaded\",o)},hooks:{action:{},filter:{}},addAction:function(o,n,r,t){gform.addHook(\"action\",o,n,r,t)},addFilter:function(o,n,r,t){gform.addHook(\"filter\",o,n,r,t)},doAction:function(o){gform.doHook(\"action\",o,arguments)},applyFilters:function(o){return gform.doHook(\"filter\",o,arguments)},removeAction:function(o,n){gform.removeHook(\"action\",o,n)},removeFilter:function(o,n,r){gform.removeHook(\"filter\",o,n,r)},addHook:function(o,n,r,t,i){null==gform.hooks[o][n]&&(gform.hooks[o][n]=[]);var e=gform.hooks[o][n];null==i&&(i=n+\"_\"+e.length),gform.hooks[o][n].push({tag:i,callable:r,priority:t=null==t?10:t})},doHook:function(n,o,r){var t;if(r=Array.prototype.slice.call(r,1),null!=gform.hooks[n][o]&&((o=gform.hooks[n][o]).sort(function(o,n){return o.priority-n.priority}),o.forEach(function(o){\"function\"!=typeof(t=o.callable)&&(t=window[t]),\"action\"==n?t.apply(null,r):r[0]=t.apply(null,r)})),\"filter\"==n)return r[0]},removeHook:function(o,n,t,i){var r;null!=gform.hooks[o][n]&&(r=(r=gform.hooks[o][n]).filter(function(o,n,r){return!!(null!=i&&i!=o.tag||null!=t&&t!=o.priority)}),gform.hooks[o][n]=r)}});<\/script>\n                <div class='gf_browser_gecko gform_wrapper gravity-theme gform-theme--no-framework' data-form-theme='gravity-theme' data-form-index='0' id='gform_wrapper_14' >\n                        <div class='gform_heading'>\n                            <h2 class=\"gform_title\">Assembl\u00e9e g\u00e9n\u00e9rale routesuisse 2026<\/h2>\n                            <p class='gform_description'><\/p>\n                        <\/div><form method='post' enctype='multipart\/form-data'  id='gform_14'  action='\/fr\/wp-json\/wp\/v2\/pages\/2428' data-formid='14' novalidate>\n                        <div class='gform-body gform_body'><div id='gform_fields_14' class='gform_fields top_label form_sublabel_below description_below'><div id=\"field_14_16\"  class=\"gfield gfield--type-text gfield--width-full field_sublabel_below gfield--no-description field_description_below gfield_visibility_visible\"  data-js-reload=\"field_14_16\"><label class='gfield_label gform-field-label' for='input_14_16' >Organisation<\/label><div class='ginput_container ginput_container_text'><input name='input_16' id='input_14_16' type='text' value='' class='large'      aria-invalid=\"false\"   \/> <\/div><\/div><div id=\"field_14_12\"  class=\"gfield gfield--type-text gfield--width-full field_sublabel_below gfield--no-description field_description_below gfield_visibility_visible\"  data-js-reload=\"field_14_12\"><label class='gfield_label gform-field-label' for='input_14_12' >Pr\u00e9nom<\/label><div class='ginput_container ginput_container_text'><input name='input_12' id='input_14_12' type='text' value='' class='large'      aria-invalid=\"false\"   \/> <\/div><\/div><div id=\"field_14_3\"  class=\"gfield gfield--type-text gfield--width-full field_sublabel_below gfield--no-description field_description_below gfield_visibility_visible\"  data-js-reload=\"field_14_3\"><label class='gfield_label gform-field-label' for='input_14_3' >Nom<\/label><div class='ginput_container ginput_container_text'><input name='input_3' id='input_14_3' type='text' value='' class='large'      aria-invalid=\"false\"   \/> <\/div><\/div><div id=\"field_14_13\"  class=\"gfield gfield--type-email gfield--width-full field_sublabel_below gfield--no-description field_description_below gfield_visibility_visible\"  data-js-reload=\"field_14_13\"><label class='gfield_label gform-field-label' for='input_14_13' >E-mail<\/label><div class='ginput_container ginput_container_email'>\n                            <input name='input_13' id='input_14_13' type='email' value='' class='large'     aria-invalid=\"false\"  \/>\n                        <\/div><\/div><fieldset id=\"field_14_14\"  class=\"gfield gfield--type-checkbox gfield--type-choice field_sublabel_below gfield--no-description field_description_below gfield_visibility_visible\"  data-js-reload=\"field_14_14\"><legend class='gfield_label gform-field-label gfield_label_before_complex'  >Inscription<\/legend><div class='ginput_container ginput_container_checkbox'><div class='gfield_checkbox' id='input_14_14'><div class='gchoice gchoice_14_14_1'>\n\t\t\t\t\t\t\t\t<input class='gfield-choice-input' name='input_14.1' type='checkbox'  value='Assembl\u00e9e g\u00e9n\u00e9rale \u00e0 Altishofen LU'  id='choice_14_14_1'   \/>\n\t\t\t\t\t\t\t\t<label for='choice_14_14_1' id='label_14_14_1' class='gform-field-label gform-field-label--type-inline'>Assembl\u00e9e g\u00e9n\u00e9rale \u00e0 Altishofen LU<\/label>\n\t\t\t\t\t\t\t<\/div><div class='gchoice gchoice_14_14_2'>\n\t\t\t\t\t\t\t\t<input class='gfield-choice-input' name='input_14.2' type='checkbox'  value='Visite Galliker Transport SA'  id='choice_14_14_2'   \/>\n\t\t\t\t\t\t\t\t<label for='choice_14_14_2' id='label_14_14_2' class='gform-field-label gform-field-label--type-inline'>Visite Galliker Transport SA<\/label>\n\t\t\t\t\t\t\t<\/div><div class='gchoice gchoice_14_14_3'>\n\t\t\t\t\t\t\t\t<input class='gfield-choice-input' name='input_14.3' type='checkbox'  value='Je viens en voiture'  id='choice_14_14_3'   \/>\n\t\t\t\t\t\t\t\t<label for='choice_14_14_3' id='label_14_14_3' class='gform-field-label gform-field-label--type-inline'>Je viens en voiture<\/label>\n\t\t\t\t\t\t\t<\/div><div class='gchoice gchoice_14_14_4'>\n\t\t\t\t\t\t\t\t<input class='gfield-choice-input' name='input_14.4' type='checkbox'  value='Je viens en transports publics'  id='choice_14_14_4'   \/>\n\t\t\t\t\t\t\t\t<label for='choice_14_14_4' id='label_14_14_4' class='gform-field-label gform-field-label--type-inline'>Je viens en transports publics<\/label>\n\t\t\t\t\t\t\t<\/div><div class='gchoice gchoice_14_14_5'>\n\t\t\t\t\t\t\t\t<input class='gfield-choice-input' name='input_14.5' type='checkbox'  value='Menu v\u00e9g\u00e9tarien'  id='choice_14_14_5'   \/>\n\t\t\t\t\t\t\t\t<label for='choice_14_14_5' id='label_14_14_5' class='gform-field-label gform-field-label--type-inline'>Menu v\u00e9g\u00e9tarien<\/label>\n\t\t\t\t\t\t\t<\/div><div class='gchoice gchoice_14_14_6'>\n\t\t\t\t\t\t\t\t<input class='gfield-choice-input' name='input_14.6' type='checkbox'  value='Je ne peux malheureusement pas participer'  id='choice_14_14_6'   \/>\n\t\t\t\t\t\t\t\t<label for='choice_14_14_6' id='label_14_14_6' class='gform-field-label gform-field-label--type-inline'>Je ne peux malheureusement pas participer<\/label>\n\t\t\t\t\t\t\t<\/div><\/div><\/div><\/fieldset><div id=\"field_14_15\"  class=\"gfield gfield--type-textarea gfield--width-full field_sublabel_below gfield--no-description field_description_below gfield_visibility_visible\"  data-js-reload=\"field_14_15\"><label class='gfield_label gform-field-label' for='input_14_15' >Remarques<\/label><div class='ginput_container ginput_container_textarea'><textarea name='input_15' id='input_14_15' class='textarea large'      aria-invalid=\"false\"   rows='10' cols='50'><\/textarea><\/div><\/div><\/div><\/div>\n        <div class='gform_footer top_label'> <input type='submit' id='gform_submit_button_14' class='gform_button button' value='Envoyer'  onclick='if(window[\"gf_submitting_14\"]){return false;}  if( !jQuery(\"#gform_14\")[0].checkValidity || jQuery(\"#gform_14\")[0].checkValidity()){window[\"gf_submitting_14\"]=true;}  ' onkeypress='if( event.keyCode == 13 ){ if(window[\"gf_submitting_14\"]){return false;} if( !jQuery(\"#gform_14\")[0].checkValidity || jQuery(\"#gform_14\")[0].checkValidity()){window[\"gf_submitting_14\"]=true;}  jQuery(\"#gform_14\").trigger(\"submit\",[true]); }' \/> \n            <input type='hidden' class='gform_hidden' name='is_submit_14' value='1' \/>\n            <input type='hidden' class='gform_hidden' name='gform_submit' value='14' \/>\n            \n            <input type='hidden' class='gform_hidden' name='gform_unique_id' value='' \/>\n            <input type='hidden' class='gform_hidden' name='state_14' value='WyJ7XCIxNC4xXCI6XCIzYTg3YWI0OWZjZDAxNzdkMGM2ZmM5ZDBiYzJjNjJhNlwiLFwiMTQuMlwiOlwiOTA3MzhhZmE4NzIxZTA0ZWMzOThlYzkxNTExMmIwODdcIixcIjE0LjNcIjpcImFiYjBjZWYzODZjMDBhNzI1ZmVkNTk4OTE4NTU0YTdkXCIsXCIxNC40XCI6XCI1OTdhZGYzOTJhZDE0ZGViM2NmZDYzYjE3NGMwYWE3OVwiLFwiMTQuNVwiOlwiNjY0MzU3ODk2NmVmMjkzZGMwMGNkYzg5YWNkMWQxOTRcIixcIjE0LjZcIjpcIjg5YTg5MGM4MDY4ZmE3NTMwMGU1YjllZDdhOWZiMmIwXCJ9IiwiZDBmMTQ2N2EyNzM5NjlkNTllNGZhZTQ3NzQ2N2EzYWEiXQ==' \/>\n            <input type='hidden' class='gform_hidden' name='gform_target_page_number_14' id='gform_target_page_number_14' value='0' \/>\n            <input type='hidden' class='gform_hidden' name='gform_source_page_number_14' id='gform_source_page_number_14' value='1' \/>\n            <input type='hidden' name='gform_field_values' value='' \/>\n            \n        <\/div>\n                        <\/form>\n                        <\/div><script type=\"text\/javascript\">\n\/* <![CDATA[ *\/\n gform.initializeOnLoaded( function() {gformInitSpinner( 14, 'https:\/\/strasseschweiz.ch\/app\/plugins\/gravityforms\/images\/spinner.svg', true );jQuery('#gform_ajax_frame_14').on('load',function(){var contents = jQuery(this).contents().find('*').html();var is_postback = contents.indexOf('GF_AJAX_POSTBACK') >= 0;if(!is_postback){return;}var form_content = jQuery(this).contents().find('#gform_wrapper_14');var is_confirmation = jQuery(this).contents().find('#gform_confirmation_wrapper_14').length > 0;var is_redirect = contents.indexOf('gformRedirect(){') >= 0;var is_form = form_content.length > 0 && ! is_redirect && ! is_confirmation;var mt = parseInt(jQuery('html').css('margin-top'), 10) + parseInt(jQuery('body').css('margin-top'), 10) + 100;if(is_form){jQuery('#gform_wrapper_14').html(form_content.html());if(form_content.hasClass('gform_validation_error')){jQuery('#gform_wrapper_14').addClass('gform_validation_error');} else {jQuery('#gform_wrapper_14').removeClass('gform_validation_error');}setTimeout( function() { \/* delay the scroll by 50 milliseconds to fix a bug in chrome *\/  }, 50 );if(window['gformInitDatepicker']) {gformInitDatepicker();}if(window['gformInitPriceFields']) {gformInitPriceFields();}var current_page = jQuery('#gform_source_page_number_14').val();gformInitSpinner( 14, 'https:\/\/strasseschweiz.ch\/app\/plugins\/gravityforms\/images\/spinner.svg', true );jQuery(document).trigger('gform_page_loaded', [14, current_page]);window['gf_submitting_14'] = false;}else if(!is_redirect){var confirmation_content = jQuery(this).contents().find('.GF_AJAX_POSTBACK').html();if(!confirmation_content){confirmation_content = contents;}setTimeout(function(){jQuery('#gform_wrapper_14').replaceWith(confirmation_content);jQuery(document).trigger('gform_confirmation_loaded', [14]);window['gf_submitting_14'] = false;wp.a11y.speak(jQuery('#gform_confirmation_message_14').text());}, 50);}else{jQuery('#gform_14').append(contents);if(window['gformRedirect']) {gformRedirect();}}jQuery(document).trigger('gform_post_render', [14, current_page]);gform.utils.trigger({ event: 'gform\/postRender', native: false, data: { formId: 14, currentPage: current_page } });} );} ); \n\/* ]]> *\/\n<\/script>\n","protected":false},"excerpt":{"rendered":"","protected":false},"author":5,"featured_media":0,"parent":0,"menu_order":0,"comment_status":"closed","ping_status":"closed","template":"","meta":{"footnotes":""},"yoast_head":"<!-- This site is optimized with the Yoast SEO plugin v21.9.1 - https:\/\/yoast.com\/wordpress\/plugins\/seo\/ -->\n<title>routesuisse - Assembl\u00e9e g\u00e9n\u00e9rale routesuisse 2026<\/title>\n<meta name=\"description\" content=\"routesuisse s&#039;engage pour sauvegarder les int\u00e9r\u00eats du trafic routier.\" \/>\n<meta name=\"robots\" content=\"index, follow, max-snippet:-1, max-image-preview:large, max-video-preview:-1\" \/>\n<link rel=\"canonical\" href=\"https:\/\/strasseschweiz.ch\/fr\/assemblee-generale-routesuisse-2026\/\" \/>\n<meta property=\"og:locale\" content=\"fr_FR\" \/>\n<meta property=\"og:type\" content=\"article\" \/>\n<meta property=\"og:title\" content=\"routesuisse - Assembl\u00e9e g\u00e9n\u00e9rale routesuisse 2026\" \/>\n<meta property=\"og:description\" content=\"routesuisse s&#039;engage pour sauvegarder les int\u00e9r\u00eats du trafic routier.\" \/>\n<meta property=\"og:url\" content=\"https:\/\/strasseschweiz.ch\/fr\/assemblee-generale-routesuisse-2026\/\" \/>\n<meta property=\"og:site_name\" content=\"routesuisse\" \/>\n<meta property=\"article:author\" content=\"Routesuisse\" \/>\n<meta property=\"og:image\" content=\"https:\/\/strasseschweiz.ch\/app\/uploads\/2021\/03\/header.jpg\" \/>\n\t<meta property=\"og:image:width\" content=\"2000\" \/>\n\t<meta property=\"og:image:height\" content=\"1334\" \/>\n\t<meta property=\"og:image:type\" content=\"image\/jpeg\" \/>\n<meta name=\"twitter:card\" content=\"summary_large_image\" \/>\n<script type=\"application\/ld+json\" class=\"yoast-schema-graph\">{\"@context\":\"https:\/\/schema.org\",\"@graph\":[{\"@type\":\"WebPage\",\"@id\":\"https:\/\/strasseschweiz.ch\/fr\/assemblee-generale-routesuisse-2026\/\",\"url\":\"https:\/\/strasseschweiz.ch\/fr\/assemblee-generale-routesuisse-2026\/\",\"name\":\"routesuisse - Assembl\u00e9e g\u00e9n\u00e9rale routesuisse 2026\",\"isPartOf\":{\"@id\":\"https:\/\/strasseschweiz.ch\/fr\/#website\"},\"datePublished\":\"2026-03-24T13:59:06+00:00\",\"dateModified\":\"2026-03-24T13:59:06+00:00\",\"description\":\"routesuisse s'engage pour sauvegarder les int\u00e9r\u00eats du trafic routier.\",\"breadcrumb\":{\"@id\":\"https:\/\/strasseschweiz.ch\/fr\/assemblee-generale-routesuisse-2026\/#breadcrumb\"},\"inLanguage\":\"fr-FR\",\"potentialAction\":[{\"@type\":\"ReadAction\",\"target\":[\"https:\/\/strasseschweiz.ch\/fr\/assemblee-generale-routesuisse-2026\/\"]}]},{\"@type\":\"BreadcrumbList\",\"@id\":\"https:\/\/strasseschweiz.ch\/fr\/assemblee-generale-routesuisse-2026\/#breadcrumb\",\"itemListElement\":[{\"@type\":\"ListItem\",\"position\":1,\"name\":\"Home\",\"item\":\"https:\/\/strasseschweiz.ch\/fr\/\"},{\"@type\":\"ListItem\",\"position\":2,\"name\":\"Assembl\u00e9e g\u00e9n\u00e9rale routesuisse 2026\"}]},{\"@type\":\"WebSite\",\"@id\":\"https:\/\/strasseschweiz.ch\/fr\/#website\",\"url\":\"https:\/\/strasseschweiz.ch\/fr\/\",\"name\":\"routesuisse\",\"description\":\"\",\"potentialAction\":[{\"@type\":\"SearchAction\",\"target\":{\"@type\":\"EntryPoint\",\"urlTemplate\":\"https:\/\/strasseschweiz.ch\/fr\/?s={search_term_string}\"},\"query-input\":\"required name=search_term_string\"}],\"inLanguage\":\"fr-FR\"}]}<\/script>\n<!-- \/ Yoast SEO plugin. -->","yoast_head_json":{"title":"routesuisse - Assembl\u00e9e g\u00e9n\u00e9rale routesuisse 2026","description":"routesuisse s'engage pour sauvegarder les int\u00e9r\u00eats du trafic routier.","robots":{"index":"index","follow":"follow","max-snippet":"max-snippet:-1","max-image-preview":"max-image-preview:large","max-video-preview":"max-video-preview:-1"},"canonical":"https:\/\/strasseschweiz.ch\/fr\/assemblee-generale-routesuisse-2026\/","og_locale":"fr_FR","og_type":"article","og_title":"routesuisse - Assembl\u00e9e g\u00e9n\u00e9rale routesuisse 2026","og_description":"routesuisse s'engage pour sauvegarder les int\u00e9r\u00eats du trafic routier.","og_url":"https:\/\/strasseschweiz.ch\/fr\/assemblee-generale-routesuisse-2026\/","og_site_name":"routesuisse","article_author":"Routesuisse","og_image":[{"width":2000,"height":1334,"url":"https:\/\/strasseschweiz.ch\/app\/uploads\/2021\/03\/header.jpg","type":"image\/jpeg"}],"twitter_card":"summary_large_image","schema":{"@context":"https:\/\/schema.org","@graph":[{"@type":"WebPage","@id":"https:\/\/strasseschweiz.ch\/fr\/assemblee-generale-routesuisse-2026\/","url":"https:\/\/strasseschweiz.ch\/fr\/assemblee-generale-routesuisse-2026\/","name":"routesuisse - Assembl\u00e9e g\u00e9n\u00e9rale routesuisse 2026","isPartOf":{"@id":"https:\/\/strasseschweiz.ch\/fr\/#website"},"datePublished":"2026-03-24T13:59:06+00:00","dateModified":"2026-03-24T13:59:06+00:00","description":"routesuisse s'engage pour sauvegarder les int\u00e9r\u00eats du trafic routier.","breadcrumb":{"@id":"https:\/\/strasseschweiz.ch\/fr\/assemblee-generale-routesuisse-2026\/#breadcrumb"},"inLanguage":"fr-FR","potentialAction":[{"@type":"ReadAction","target":["https:\/\/strasseschweiz.ch\/fr\/assemblee-generale-routesuisse-2026\/"]}]},{"@type":"BreadcrumbList","@id":"https:\/\/strasseschweiz.ch\/fr\/assemblee-generale-routesuisse-2026\/#breadcrumb","itemListElement":[{"@type":"ListItem","position":1,"name":"Home","item":"https:\/\/strasseschweiz.ch\/fr\/"},{"@type":"ListItem","position":2,"name":"Assembl\u00e9e g\u00e9n\u00e9rale routesuisse 2026"}]},{"@type":"WebSite","@id":"https:\/\/strasseschweiz.ch\/fr\/#website","url":"https:\/\/strasseschweiz.ch\/fr\/","name":"routesuisse","description":"","potentialAction":[{"@type":"SearchAction","target":{"@type":"EntryPoint","urlTemplate":"https:\/\/strasseschweiz.ch\/fr\/?s={search_term_string}"},"query-input":"required name=search_term_string"}],"inLanguage":"fr-FR"}]}},"_links":{"self":[{"href":"https:\/\/strasseschweiz.ch\/fr\/wp-json\/wp\/v2\/pages\/2428"}],"collection":[{"href":"https:\/\/strasseschweiz.ch\/fr\/wp-json\/wp\/v2\/pages"}],"about":[{"href":"https:\/\/strasseschweiz.ch\/fr\/wp-json\/wp\/v2\/types\/page"}],"author":[{"embeddable":true,"href":"https:\/\/strasseschweiz.ch\/fr\/wp-json\/wp\/v2\/users\/5"}],"replies":[{"embeddable":true,"href":"https:\/\/strasseschweiz.ch\/fr\/wp-json\/wp\/v2\/comments?post=2428"}],"version-history":[{"count":1,"href":"https:\/\/strasseschweiz.ch\/fr\/wp-json\/wp\/v2\/pages\/2428\/revisions"}],"predecessor-version":[{"id":2429,"href":"https:\/\/strasseschweiz.ch\/fr\/wp-json\/wp\/v2\/pages\/2428\/revisions\/2429"}],"wp:attachment":[{"href":"https:\/\/strasseschweiz.ch\/fr\/wp-json\/wp\/v2\/media?parent=2428"}],"curies":[{"name":"wp","href":"https:\/\/api.w.org\/{rel}","templated":true}]}}