{"id":278,"date":"2020-02-11T11:26:28","date_gmt":"2020-02-11T10:26:28","guid":{"rendered":"http:\/\/localhost\/?page_id=278"},"modified":"2025-05-22T16:13:44","modified_gmt":"2025-05-22T14:13:44","slug":"communiques","status":"publish","type":"page","link":"https:\/\/strasseschweiz.ch\/fr\/communiques\/","title":{"rendered":"Communiqu\u00e9s"},"content":{"rendered":"\n<p><\/p>\n\n\n\n<p>\u00ab 80\u00e8me assembl\u00e9e g\u00e9n\u00e9rale \u00bb<br><a href=\"https:\/\/strasseschweiz.ch\/app\/uploads\/2025\/05\/Communique_routesuisse-assemblee-generale.pdf\">Daniel Hofer est \u00e9lu pr\u00e9sident de routesuisse<\/a> (Berne, le 22 mai 2025)<\/p>\n\n\n\n<p>\u00ab Vademecum 2025 &#8211; Les principaux chiffres li\u00e9s au trafic routier priv\u00e9 \u00bb<br><a href=\"https:\/\/strasseschweiz.ch\/app\/uploads\/2025\/04\/CP_routesuisse_Vademecum_2025_FR.pdf\">Les r\u00e9serves du FORTA diminuent pour la premi\u00e8re fois <\/a>(Berne, le 8 avril 2025)<\/p>\n\n\n\n<p>\u00ab 79e assembl\u00e9e g\u00e9n\u00e9rale \u00bb<br><a href=\"https:\/\/www.strasseschweiz.ch\/app\/uploads\/2024\/05\/CP_AG_23-05-2024_FR.pdf\">Pierre Daniel Senn est \u00e9lu pr\u00e9sident de routesuisse<\/a> (Berne, le 23 mai 2024)<\/p>\n\n\n\n<p>\u00ab Vademecum 2024 \u2013 Les principaux chiffres li\u00e9s au trafic routier priv\u00e9 \u00bb<br><a href=\"https:\/\/www.strasseschweiz.ch\/app\/uploads\/2024\/03\/CP_Vademecum_2024_FR-1.pdf\">Hausse des embouteillages et des r\u00e9serves dU FORTA <\/a> (Berne, le 27 mars 2024)<\/p>\n\n\n\n<p><a href=\"https:\/\/www.strasseschweiz.ch\/app\/uploads\/2024\/01\/CP_routesuisse_18012024.pdf\">Des autoroutes plus fluides et plus s\u00fbres<\/a> (Berne, 18 janvier 2024)<\/p>\n\n\n\n<p><a href=\"https:\/\/www.strasseschweiz.ch\/app\/uploads\/2023\/10\/Communique_de_presse_routesuisse_29.09.2023.pdf\">\u00c9tape d&#8217;am\u00e9nagement 2023 pour les routes nationales : Meilleure fluidit\u00e9 du trafic &#8211; moins de trafic d&#8217;\u00e9vitement<\/a> (Berne, 29 septembre 2023)<\/p>\n\n\n\n<p>\u00ab 78e assembl\u00e9e g\u00e9n\u00e9rale \u00bb<br><a href=\"https:\/\/www.strasseschweiz.ch\/app\/uploads\/2023\/06\/Medienmitteilung_31.05.2023_MV_frz.pdf\">Peter Goetschi est \u00e9lu pr\u00e9sident de routesuisse<\/a> (Berne, 1er juin 2023)<\/p>\n\n\n\n<p><a href=\"https:\/\/www.strasseschweiz.ch\/app\/uploads\/2023\/04\/CP_CK_19-04-2023.pdf\">\u00ab Le secr\u00e9tariat de routesuisse se renforce \u00bb<\/a> (Berne, le 19 avril 2023)<\/p>\n\n\n\n<p>\u00ab Vademecum 2023 \u2013 Les principaux chiffres li\u00e9s au trafic routier priv\u00e9 \u00bb<br><a href=\"https:\/\/www.strasseschweiz.ch\/app\/uploads\/2023\/03\/CP_Vademecum_2023_FR.pdf\">Hausse des embouteillages et des r\u00e9serves du FORTA<\/a> (Berne, le 23 mars 2023)<\/p>\n\n\n\n<p>\u00ab 77<sup>e<\/sup>&nbsp;Assembl\u00e9e g\u00e9n\u00e9rale \u00bb<br><a href=\"https:\/\/www.strasseschweiz.ch\/app\/uploads\/2022\/06\/Communique_AG2022_routesuisse_F.pdf\">Gian-Luca Lardi est \u00e9lu \u00e0 la pr\u00e9sidence de routesuisse<\/a><br>(Berne, le 1er juin 2022)<\/p>\n\n\n\n<p>\u00ab Vademecum 2022 \u2013 Les principaux chiffres li\u00e9s au trafic routier priv\u00e9 \u00bb<br><a href=\"https:\/\/www.strasseschweiz.ch\/app\/uploads\/2022\/02\/CP_Vademecum_2022_FR.pdf\">Forte baisse des \u00e9missions de CO<sub>2 &nbsp;<\/sub>dues au trafic routier priv\u00e9<\/a> (Berne, le 28 f\u00e9vrier 2022)<\/p>\n\n\n\n<p>\u00abRoutes nationales : Etape d&#8217;am\u00e9nagement 2023 et cr\u00e9dit-cadre 2024-27 \u00bb<br><a href=\"https:\/\/www.strasseschweiz.ch\/app\/uploads\/2022\/01\/Communique_PRODES_2023_routesuisse_26.01.2022.pdf\">routesuisse salue les investissements dans le r\u00e9seau des routes nationales<\/a> (Berne, le 26 janvier 2022)<\/p>\n\n\n\n<p>\u00ab Votation du 13 juin 2021 &#8211; R\u00e9vision de la loi sur le CO2 \u00bb<br><a href=\"https:\/\/www.strasseschweiz.ch\/app\/uploads\/2021\/06\/Communique_LoiCO2_routesuisse.pdf\">Non aux taxes punitives, oui \u00e0 l&#8217;innovation ! (Berne, le 13 juin 2021)<\/a><\/p>\n\n\n\n<p>\u00ab 76<sup>e<\/sup>&nbsp;Assembl\u00e9e g\u00e9n\u00e9rale \u00bb<br><a href=\"https:\/\/www.strasseschweiz.ch\/app\/uploads\/2021\/05\/Communique_AG2021_routesuisse_F.pdf\">Le trafic routier devrait atteindre son objectif climatique 2020 (Berne, le 26 mai 2021);<\/a><br><a href=\"https:\/\/www.strasseschweiz.ch\/app\/uploads\/2021\/05\/Communique_AG2021_routesuisse_F_annexe.pdf\">Annexe<\/a><\/p>\n\n\n\n<p> \u00ab  Vademecum 2021 \u2013 Les chiffres de l&#8217;\u00e9conomie automobile et du trafic routier priv\u00e9 \u00bb<br><a href=\"https:\/\/www.strasseschweiz.ch\/app\/uploads\/2021\/02\/CP_Vademecum_2021_FR.pdf\">Les chiffres cl\u00e9s du trafic routier 2020 (Berne, le 23 f\u00e9vrier 2021)<\/a><\/p>\n\n\n\n<p> \u00ab  Proc\u00e9dure de consultation sur la Strat\u00e9gie pour le d\u00e9veloppement durable \u00bb<br><a href=\"https:\/\/www.strasseschweiz.ch\/app\/uploads\/2021\/02\/CP_SDD2030_18_02_2021_F.pdf\">L&#8217;approvisionnement \u00e9nerg\u00e9tique et le financement des infrastructures de transport doivent \u00eatre garantis (Berne, le 18 f\u00e9vrier 2021)<\/a><\/p>\n\n\n\n<p> \u00ab  75<sup>e<\/sup>&nbsp;Assembl\u00e9e g\u00e9n\u00e9rale \u00bb<br><a rel=\"noreferrer noopener\" aria-label=\"La nouvelle r\u00e9alit\u00e9 doit \u00eatre prise en compte dans la loi sur le CO2 (\u00f6ffnet in neuem Tab)\" href=\"https:\/\/www.strasseschweiz.ch\/app\/uploads\/2020\/06\/Communiqu\u00e9_AG2020_routesuisse_F-1.pdf\" target=\"_blank\">La nouvelle r\u00e9alit\u00e9 doit \u00eatre prise en compte dans la loi sur le CO2 (Berne, le 8 juin 2020)<\/a><\/p>\n\n\n\n<p> \u00ab R\u00e9vision de la Loi sur le CO2 &#8211; Traitement au Conseil national \u00bb<br><a href=\"https:\/\/www.strasseschweiz.ch\/app\/uploads\/2020\/03\/CP_Art_38h_al3_et_42_f_v4.pdf\">Maintenir les recettes du FORTA  (Berne, le 13 mars 2020)<\/a><\/p>\n\n\n\n<p> \u00ab Vad\u00e9m\u00e9cum 2020 &#8211; Chiffres cl\u00e9s de l&#8217;\u00e9conomie automobile et du trafic routier \u00bb<br><a rel=\"noreferrer noopener\" aria-label=\" (\u00f6ffnet in neuem Tab)\" href=\"\/app\/uploads\/2020\/02\/medienmitteilung_2020_02_18_f.pdf\" target=\"_blank\">Premiers chiffres sur le trafic routier 2019 (Berne, le 18 f\u00e8vrier 2020)<\/a> <\/p>\n\n\n\n<p> \u00ab 74<sup>e<\/sup>&nbsp;Assembl\u00e9e g\u00e9n\u00e9rale de routesuisse \u00bb<br> <a href=\"\/app\/uploads\/2020\/02\/medienmitteilung_2019_05_28_f.pdf\" target=\"_blank\" rel=\"noreferrer noopener\" aria-label=\" (\u00f6ffnet in neuem Tab)\">routesuisse demande d&#8217;acc\u00e9l\u00e9rer la construction des routes (Berne, le 28 mai 2019)<\/a><\/p>\n\n\n\n<p> \u00ab Vad\u00e9m\u00e9cum 2019 &#8211; Chiffres cl\u00e9s de l&#8217;\u00e9conomie automobile et du trafic routier \u00bb<br><a href=\"\/app\/uploads\/2020\/02\/medienmitteilung_2019_02_06_f.pdf\" target=\"_blank\" rel=\"noreferrer noopener\" aria-label=\" (\u00f6ffnet in neuem Tab)\">Premiers chiffres sur le trafic routier 2018 (Berne, le 6 f\u00e8vrier 2019)<\/a> <\/p>\n\n\n\n<p> \u00ab 73\u00e8me Assembl\u00e9e g\u00e9n\u00e9rale ordinaire du 19 juin 2018 \u00e0 Berne \u00bb<br><a href=\"\/app\/uploads\/2020\/02\/medienmitteilung_2018_06_19_f.pdf\" target=\"_blank\" rel=\"noreferrer noopener\" aria-label=\" (\u00f6ffnet in neuem Tab)\">Il est urgent d&#8217;agir pur garantir la fluidit\u00e9 du trafic (Berne, le 19 juin 2018)<\/a><\/p>\n\n\n\n<p> \u00ab Vad\u00e9m\u00e9cum 2018 &#8211; Chiffres cl\u00e9s de l&#8217;\u00e9conomique automobile et du trafic routier \u00bb<br><a href=\"\/app\/uploads\/2020\/02\/medienmitteilung_2018_02_06_f.pdf\" target=\"_blank\" rel=\"noreferrer noopener\" aria-label=\" (\u00f6ffnet in neuem Tab)\">Premiers chiffres sur le trafic routier 2018 (Berne, le 6 f\u00e8vrier 2018)<\/a><\/p>\n","protected":false},"excerpt":{"rendered":"<p>\u00ab 80\u00e8me assembl\u00e9e g\u00e9n\u00e9rale \u00bbDaniel Hofer est \u00e9lu pr\u00e9sident de routesuisse (Berne, le 22 mai 2025) \u00ab Vademecum 2025 &#8211; Les principaux chiffres li\u00e9s au trafic routier priv\u00e9 \u00bbLes r\u00e9serves du FORTA diminuent pour la premi\u00e8re fois (Berne, le 8 avril 2025) \u00ab 79e assembl\u00e9e g\u00e9n\u00e9rale \u00bbPierre Daniel Senn est \u00e9lu pr\u00e9sident de routesuisse (Berne, &hellip;<\/p>\n","protected":false},"author":5,"featured_media":0,"parent":0,"menu_order":0,"comment_status":"closed","ping_status":"closed","template":"","meta":{"footnotes":""},"yoast_head":"<!-- This site is optimized with the Yoast SEO plugin v21.9.1 - https:\/\/yoast.com\/wordpress\/plugins\/seo\/ -->\n<title>routesuisse - Communiqu\u00e9s<\/title>\n<meta name=\"description\" content=\"routesuisse s&#039;engage pour sauvegarder les int\u00e9r\u00eats du trafic routier.\" \/>\n<meta name=\"robots\" content=\"index, follow, max-snippet:-1, max-image-preview:large, max-video-preview:-1\" \/>\n<link rel=\"canonical\" href=\"https:\/\/strasseschweiz.ch\/fr\/communiques\/\" \/>\n<meta property=\"og:locale\" content=\"fr_FR\" \/>\n<meta property=\"og:type\" content=\"article\" \/>\n<meta property=\"og:title\" content=\"routesuisse - Communiqu\u00e9s\" \/>\n<meta property=\"og:description\" content=\"routesuisse s&#039;engage pour sauvegarder les int\u00e9r\u00eats du trafic routier.\" \/>\n<meta property=\"og:url\" content=\"https:\/\/strasseschweiz.ch\/fr\/communiques\/\" \/>\n<meta property=\"og:site_name\" content=\"routesuisse\" \/>\n<meta property=\"article:author\" content=\"Routesuisse\" \/>\n<meta property=\"article:modified_time\" content=\"2025-05-22T14:13:44+00:00\" \/>\n<meta property=\"og:image\" content=\"https:\/\/strasseschweiz.ch\/app\/uploads\/2021\/03\/header.jpg\" \/>\n\t<meta property=\"og:image:width\" content=\"2000\" \/>\n\t<meta property=\"og:image:height\" content=\"1334\" \/>\n\t<meta property=\"og:image:type\" content=\"image\/jpeg\" \/>\n<meta name=\"twitter:card\" content=\"summary_large_image\" \/>\n<meta name=\"twitter:label1\" content=\"Est. reading time\" \/>\n\t<meta name=\"twitter:data1\" content=\"3 minutes\" \/>\n<script type=\"application\/ld+json\" class=\"yoast-schema-graph\">{\"@context\":\"https:\/\/schema.org\",\"@graph\":[{\"@type\":\"WebPage\",\"@id\":\"https:\/\/strasseschweiz.ch\/fr\/communiques\/\",\"url\":\"https:\/\/strasseschweiz.ch\/fr\/communiques\/\",\"name\":\"routesuisse - Communiqu\u00e9s\",\"isPartOf\":{\"@id\":\"https:\/\/strasseschweiz.ch\/fr\/#website\"},\"datePublished\":\"2020-02-11T10:26:28+00:00\",\"dateModified\":\"2025-05-22T14:13:44+00:00\",\"description\":\"routesuisse s'engage pour sauvegarder les int\u00e9r\u00eats du trafic routier.\",\"breadcrumb\":{\"@id\":\"https:\/\/strasseschweiz.ch\/fr\/communiques\/#breadcrumb\"},\"inLanguage\":\"fr-FR\",\"potentialAction\":[{\"@type\":\"ReadAction\",\"target\":[\"https:\/\/strasseschweiz.ch\/fr\/communiques\/\"]}]},{\"@type\":\"BreadcrumbList\",\"@id\":\"https:\/\/strasseschweiz.ch\/fr\/communiques\/#breadcrumb\",\"itemListElement\":[{\"@type\":\"ListItem\",\"position\":1,\"name\":\"Home\",\"item\":\"https:\/\/strasseschweiz.ch\/fr\/\"},{\"@type\":\"ListItem\",\"position\":2,\"name\":\"Communiqu\u00e9s\"}]},{\"@type\":\"WebSite\",\"@id\":\"https:\/\/strasseschweiz.ch\/fr\/#website\",\"url\":\"https:\/\/strasseschweiz.ch\/fr\/\",\"name\":\"routesuisse\",\"description\":\"\",\"potentialAction\":[{\"@type\":\"SearchAction\",\"target\":{\"@type\":\"EntryPoint\",\"urlTemplate\":\"https:\/\/strasseschweiz.ch\/fr\/?s={search_term_string}\"},\"query-input\":\"required name=search_term_string\"}],\"inLanguage\":\"fr-FR\"}]}<\/script>\n<!-- \/ Yoast SEO plugin. -->","yoast_head_json":{"title":"routesuisse - Communiqu\u00e9s","description":"routesuisse s'engage pour sauvegarder les int\u00e9r\u00eats du trafic routier.","robots":{"index":"index","follow":"follow","max-snippet":"max-snippet:-1","max-image-preview":"max-image-preview:large","max-video-preview":"max-video-preview:-1"},"canonical":"https:\/\/strasseschweiz.ch\/fr\/communiques\/","og_locale":"fr_FR","og_type":"article","og_title":"routesuisse - Communiqu\u00e9s","og_description":"routesuisse s'engage pour sauvegarder les int\u00e9r\u00eats du trafic routier.","og_url":"https:\/\/strasseschweiz.ch\/fr\/communiques\/","og_site_name":"routesuisse","article_author":"Routesuisse","article_modified_time":"2025-05-22T14:13:44+00:00","og_image":[{"width":2000,"height":1334,"url":"https:\/\/strasseschweiz.ch\/app\/uploads\/2021\/03\/header.jpg","type":"image\/jpeg"}],"twitter_card":"summary_large_image","twitter_misc":{"Est. reading time":"3 minutes"},"schema":{"@context":"https:\/\/schema.org","@graph":[{"@type":"WebPage","@id":"https:\/\/strasseschweiz.ch\/fr\/communiques\/","url":"https:\/\/strasseschweiz.ch\/fr\/communiques\/","name":"routesuisse - Communiqu\u00e9s","isPartOf":{"@id":"https:\/\/strasseschweiz.ch\/fr\/#website"},"datePublished":"2020-02-11T10:26:28+00:00","dateModified":"2025-05-22T14:13:44+00:00","description":"routesuisse s'engage pour sauvegarder les int\u00e9r\u00eats du trafic routier.","breadcrumb":{"@id":"https:\/\/strasseschweiz.ch\/fr\/communiques\/#breadcrumb"},"inLanguage":"fr-FR","potentialAction":[{"@type":"ReadAction","target":["https:\/\/strasseschweiz.ch\/fr\/communiques\/"]}]},{"@type":"BreadcrumbList","@id":"https:\/\/strasseschweiz.ch\/fr\/communiques\/#breadcrumb","itemListElement":[{"@type":"ListItem","position":1,"name":"Home","item":"https:\/\/strasseschweiz.ch\/fr\/"},{"@type":"ListItem","position":2,"name":"Communiqu\u00e9s"}]},{"@type":"WebSite","@id":"https:\/\/strasseschweiz.ch\/fr\/#website","url":"https:\/\/strasseschweiz.ch\/fr\/","name":"routesuisse","description":"","potentialAction":[{"@type":"SearchAction","target":{"@type":"EntryPoint","urlTemplate":"https:\/\/strasseschweiz.ch\/fr\/?s={search_term_string}"},"query-input":"required name=search_term_string"}],"inLanguage":"fr-FR"}]}},"_links":{"self":[{"href":"https:\/\/strasseschweiz.ch\/fr\/wp-json\/wp\/v2\/pages\/278"}],"collection":[{"href":"https:\/\/strasseschweiz.ch\/fr\/wp-json\/wp\/v2\/pages"}],"about":[{"href":"https:\/\/strasseschweiz.ch\/fr\/wp-json\/wp\/v2\/types\/page"}],"author":[{"embeddable":true,"href":"https:\/\/strasseschweiz.ch\/fr\/wp-json\/wp\/v2\/users\/5"}],"replies":[{"embeddable":true,"href":"https:\/\/strasseschweiz.ch\/fr\/wp-json\/wp\/v2\/comments?post=278"}],"version-history":[{"count":23,"href":"https:\/\/strasseschweiz.ch\/fr\/wp-json\/wp\/v2\/pages\/278\/revisions"}],"predecessor-version":[{"id":2317,"href":"https:\/\/strasseschweiz.ch\/fr\/wp-json\/wp\/v2\/pages\/278\/revisions\/2317"}],"wp:attachment":[{"href":"https:\/\/strasseschweiz.ch\/fr\/wp-json\/wp\/v2\/media?parent=278"}],"curies":[{"name":"wp","href":"https:\/\/api.w.org\/{rel}","templated":true}]}}