{"id":304,"date":"2020-02-12T09:08:48","date_gmt":"2020-02-12T08:08:48","guid":{"rendered":"http:\/\/localhost\/?page_id=304"},"modified":"2026-01-06T13:31:01","modified_gmt":"2026-01-06T12:31:01","slug":"membres","status":"publish","type":"page","link":"https:\/\/strasseschweiz.ch\/fr\/membres\/","title":{"rendered":"Membres"},"content":{"rendered":"\n<p><\/p>\n\n\n\n<div class=\"columns is-layout-flex wp-container-core-columns-layout-1 wp-block-columns-is-layout-flex\">\n<div class=\"column is-half is-layout-flow wp-block-column-is-layout-flow\">\n<p>routesuisse&nbsp;&#8211; F\u00e9d\u00e9ration routi\u00e8re suisse FRS compte environ&nbsp;30 membres, notamment des associations d&#8217;usagers de la route, des organisations de l&#8217;\u00e9conomie automobile et routi\u00e8re ainsi que des ligues cantonales du trafic routier.<\/p>\n<\/div>\n\n\n\n<div class=\"column is-half is-layout-flow wp-block-column-is-layout-flow\">\n<p><\/p>\n<\/div>\n<\/div>\n\n\n\n<div class=\"columns is-layout-flex wp-container-core-columns-layout-2 wp-block-columns-is-layout-flex\">\n<div class=\"column is-half is-layout-flow wp-block-column-is-layout-flow\">\t<div class=\"foresite-accordion message\">\n\t\t<div class=\"message-header\">\n\t\t\t<span class=\"message-title\">Association d&#8217;usagers de la route<\/span>\n\t\t\t<span class=\"message-subtitle\">Voitures et v\u00e9hicules monotraces<\/span>\n\t\t\t<a class=\"message-trigger\" href=\"#69e0224668a09\" data-action=\"collapse\" aria-label=\"Open accordion\"><\/a>\n\t\t<\/div>\n\t\t<div id=\"69e0224668a09\" class=\"message-body is-collapsible\" data-parent=\"main\">\n\t\t\t<div class=\"message-body-content content\">\n\t\t\t\t\n\n<ul>\n<li><a rel=\"noreferrer noopener\" href=\"http:\/\/www.acs.ch\/ch-fr\/\" target=\"_blank\">Automobile Club de Suisse ACS<\/a>, Berne<\/li>\n\n\n\n<li><a rel=\"noreferrer noopener\" href=\"http:\/\/www.s-a-m.ch\/\" target=\"_blank\">F\u00e9d\u00e9ration suisse des automobilistes et motocyclistes SAM<\/a>, Feusisberg<\/li>\n\n\n\n<li><a href=\"http:\/\/www.swissmoto.org\/fr\/\" target=\"_blank\" rel=\"noreferrer noopener\">Swiss Moto<\/a>, D\u00e4niken<\/li>\n\n\n\n<li><a rel=\"noreferrer noopener\" href=\"http:\/\/www.tcs.ch\/fr\/\" target=\"_blank\">Touring Club Suisse TCS<\/a>, Vernier\/Gen\u00e8ve <\/li>\n<\/ul>\n\n\n\t\t\t<\/div>\n\t\t<\/div>\n\t<\/div>\n\n\t<div class=\"foresite-accordion message\">\n\t\t<div class=\"message-header\">\n\t\t\t<span class=\"message-title\">Association d&#8217;usagers de la route<\/span>\n\t\t\t<span class=\"message-subtitle\">V\u00e9hicules utilitaires<\/span>\n\t\t\t<a class=\"message-trigger\" href=\"#69e0224668ac4\" data-action=\"collapse\" aria-label=\"Open accordion\"><\/a>\n\t\t<\/div>\n\t\t<div id=\"69e0224668ac4\" class=\"message-body is-collapsible\" data-parent=\"main\">\n\t\t\t<div class=\"message-body-content content\">\n\t\t\t\t\n\n<ul>\n<li><a rel=\"noreferrer noopener\" aria-label=\" (\u00f6ffnet in neuem Tab)\" href=\"https:\/\/www.astag.ch\/home\/\" target=\"_blank\">Association suisse des transports routiers ASTAG<\/a>, Berne<\/li>\n\n\n\n<li><a aria-label=\" (\u00f6ffnet in neuem Tab)\" href=\"https:\/\/www.agrartechnik.ch\/fr\/\" target=\"_blank\" rel=\"noreferrer noopener\">Technique Agricole Suisse<\/a>, Riniken<\/li>\n\n\n\n<li><a rel=\"noreferrer noopener\" href=\"http:\/\/www.fenaco.com\/fra\/default.shtml\" target=\"_blank\">fenaco, Union des coop\u00e9ratives agricoles<\/a>, r\u00e9gion Winterthour, Winterthour<\/li>\n\n\n\n<li><a rel=\"noreferrer noopener\" aria-label=\" (\u00f6ffnet in neuem Tab)\" href=\"https:\/\/www.routiers.ch\/fr\/\" target=\"_blank\">Les Routiers Suisses<\/a>, Echandens<\/li>\n\n\n\n<li><a href=\"https:\/\/www.transport-ch.com\/accueil.html\">transport-CH<\/a>, Expotrans SA, Le P\u00e2quier<\/li>\n<\/ul>\n\n\n\t\t\t<\/div>\n\t\t<\/div>\n\t<\/div>\n\n\t<div class=\"foresite-accordion message\">\n\t\t<div class=\"message-header\">\n\t\t\t<span class=\"message-title\">\u00c9conomie automobile<\/span>\n\t\t\t<span class=\"message-subtitle\">Industrie, artisanat et commerce<\/span>\n\t\t\t<a class=\"message-trigger\" href=\"#69e0224668c15\" data-action=\"collapse\" aria-label=\"Open accordion\"><\/a>\n\t\t<\/div>\n\t\t<div id=\"69e0224668c15\" class=\"message-body is-collapsible\" data-parent=\"main\">\n\t\t\t<div class=\"message-body-content content\">\n\t\t\t\t\n\n<ul>\n<li><a href=\"http:\/\/www.gaz-naturel.ch\/qui-sommes-nous\/asig\/\" target=\"_blank\" rel=\"noreferrer noopener\">Association suisse de l&#8217;industrie gazi\u00e8re ASIG<\/a>, Zurich<\/li>\n\n\n\n<li><a rel=\"noreferrer noopener\" href=\"http:\/\/www.auto-schweiz.ch\/fr\" target=\"_blank\">auto-suisse Association des importateurs suisses d&#8217;automobiles<\/a>, Berne<\/li>\n\n\n\n<li><a rel=\"noreferrer noopener\" href=\"https:\/\/www.avenergy.ch\/fr\/\" target=\"_blank\">Avenergy Suisse<\/a>, Zurich  <\/li>\n\n\n\n<li><a href=\"https:\/\/www.biosprit.org\/\">Biofuels Suisse<\/a>, Sissach <\/li>\n\n\n\n<li><a rel=\"noreferrer noopener\" aria-label=\" (\u00f6ffnet in neuem Tab)\" href=\"http:\/\/www.caravaning-suisse.ch\/cs-fr\/index.php\" target=\"_blank\">caravaningsuisse, Union professionnelle suisse de caravanes UPSC<\/a>, Thoune <\/li>\n\n\n\n<li><a rel=\"noreferrer noopener\" href=\"https:\/\/carrosseriesuisse.ch\/\" target=\"_blank\">carrosserie suisse,<\/a> Zofingen   <\/li>\n\n\n\n<li><a rel=\"noreferrer noopener\" href=\"http:\/\/www.motosuisse.ch\/fr\/index.html\" target=\"_blank\">motosuisse<\/a>, Berne<\/li>\n\n\n\n<li><a rel=\"noreferrer noopener\" href=\"http:\/\/www.esa.ch\/index.php?id=382&amp;L=2\" target=\"_blank\">Organisation d&#8217;achats de la branche suisse de l&#8217;automobile et des v\u00e9hicules \u00e0 moteur ESA<\/a>, Berthoud<\/li>\n\n\n\n<li><a aria-label=\" (\u00f6ffnet in neuem Tab)\" href=\"https:\/\/aftermarket.ch\/fr\/\" target=\"_blank\" rel=\"noreferrer noopener\">Swiss Automotive Aftermarket SAA<\/a>, Zurich<\/li>\n\n\n\n<li><a href=\"https:\/\/www.swiss-emobility.ch\/\">Swiss eMobility<\/a>, Berne<\/li>\n\n\n\n<li><a rel=\"noreferrer noopener\" aria-label=\" (\u00f6ffnet in neuem Tab)\" href=\"https:\/\/www.agvs-upsa.ch\/fr\" target=\"_blank\">UPSA Union professionnelle suisse de l&#8217;automobile<\/a>, Berne<\/li>\n<\/ul>\n\n\n\t\t\t<\/div>\n\t\t<\/div>\n\t<\/div><\/div>\n\n\n\n<div class=\"column is-half is-layout-flow wp-block-column-is-layout-flow\">\t<div class=\"foresite-accordion message\">\n\t\t<div class=\"message-header\">\n\t\t\t<span class=\"message-title\">\u00c9conomie routi\u00e8re<\/span>\n\t\t\t<span class=\"message-subtitle\"><\/span>\n\t\t\t<a class=\"message-trigger\" href=\"#69e0224668cfb\" data-action=\"collapse\" aria-label=\"Open accordion\"><\/a>\n\t\t<\/div>\n\t\t<div id=\"69e0224668cfb\" class=\"message-body is-collapsible\" data-parent=\"main\">\n\t\t\t<div class=\"message-body-content content\">\n\t\t\t\t\n\n<ul>\n<li><a aria-label=\" (\u00f6ffnet in neuem Tab)\" href=\"https:\/\/infra-suisse.ch\/fr\/\" target=\"_blank\" rel=\"noreferrer noopener\">Infra Suisse<\/a>, Zurich<\/li>\n\n\n\n<li><a href=\"http:\/\/www.baumeister.ch\/fr\/sse-page-daccueil\/\" target=\"_blank\" rel=\"noreferrer noopener\">Soci\u00e9t\u00e9 suisse des entrepreneurs SSE<\/a>, Zurich <\/li>\n\n\n\n<li><a href=\"https:\/\/www.cemsuisse.ch\/fr\/\">cemsuisse<\/a>, Berne<\/li>\n<\/ul>\n\n\n\t\t\t<\/div>\n\t\t<\/div>\n\t<\/div>\n\n\t<div class=\"foresite-accordion message\">\n\t\t<div class=\"message-header\">\n\t\t\t<span class=\"message-title\">Ligues routi\u00e8res cantonales<\/span>\n\t\t\t<span class=\"message-subtitle\"><\/span>\n\t\t\t<a class=\"message-trigger\" href=\"#69e0224668dc8\" data-action=\"collapse\" aria-label=\"Open accordion\"><\/a>\n\t\t<\/div>\n\t\t<div id=\"69e0224668dc8\" class=\"message-body is-collapsible\" data-parent=\"main\">\n\t\t\t<div class=\"message-body-content content\">\n\t\t\t\t\n\n<ul>\n<li><a href=\"https:\/\/aveko.ch\/\">Aargauische Verkehrskonferenz AVK<\/a>, Aarau<\/li>\n\n\n\n<li><a href=\"https:\/\/www.cnci.ch\/creation-neuchatelroutes\">Neuch\u00e2telRoutes, Neuch\u00e2tel<\/a><\/li>\n\n\n\n<li><a href=\"http:\/\/www.routegeneve.ch\/\" target=\"_blank\" rel=\"noreferrer noopener\">RouteGen\u00e8ve<\/a>, Carrouge<\/li>\n\n\n\n<li><a href=\"https:\/\/strassezuerich.ch\/\">Strasse Z\u00fcrich, Z\u00fcrich<\/a><\/li>\n\n\n\n<li>VaudRoutes ARV, Paudex<\/li>\n\n\n\n<li><a rel=\"noreferrer noopener\" href=\"http:\/\/www.verkehrsliga.ch\/\" target=\"_blank\">Verkehrsliga beider Basel<\/a>, B\u00e2le <\/li>\n<\/ul>\n\n\n\t\t\t<\/div>\n\t\t<\/div>\n\t<\/div>\n\n\t<div class=\"foresite-accordion message\">\n\t\t<div class=\"message-header\">\n\t\t\t<span class=\"message-title\">Divers<\/span>\n\t\t\t<span class=\"message-subtitle\"><\/span>\n\t\t\t<a class=\"message-trigger\" href=\"#69e0224668e8e\" data-action=\"collapse\" aria-label=\"Open accordion\"><\/a>\n\t\t<\/div>\n\t\t<div id=\"69e0224668e8e\" class=\"message-body is-collapsible\" data-parent=\"main\">\n\t\t\t<div class=\"message-body-content content\">\n\t\t\t\t\n\n<ul>\n<li><a href=\"https:\/\/www.strom.ch\/fr\">Association des entreprises \u00e9lectriques suisses AES,<\/a> Aarau<\/li>\n\n\n\n<li><a href=\"https:\/\/www.cc-ti.ch\/la-cc-ti\/\">Camera di commercio cantone Ticino<\/a>, Lugano<\/li>\n\n\n\n<li><a href=\"https:\/\/www.fer-ge.ch\/\">F\u00e9d\u00e9ration des entreprises romandes Gen\u00e8veSchweiz \/ Suisse \/ Svizzera<\/a>, Gen\u00e8ve<\/li>\n\n\n\n<li><a href=\"https:\/\/l-drive.ch\/accueil\/\">L-drive Schweiz \/ Suisse \/ Svizzera<\/a>, Berne<\/li>\n\n\n\n<li><a href=\"http:\/\/www.swisscarregister.ch\/french\/index_f.html\" target=\"_blank\" rel=\"noreferrer noopener\">Swiss Car Register<\/a>, Safenwil<\/li>\n\n\n\n<li><a href=\"https:\/\/shvf.ch\/fr\/\">Swiss Historic Vehicle Federation SHVF<\/a>, Berne <\/li>\n<\/ul>\n\n\n\t\t\t<\/div>\n\t\t<\/div>\n\t<\/div><\/div>\n<\/div>\n","protected":false},"excerpt":{"rendered":"<p>routesuisse&nbsp;&#8211; F\u00e9d\u00e9ration routi\u00e8re suisse FRS compte environ&nbsp;30 membres, notamment des associations d&#8217;usagers de la route, des organisations de l&#8217;\u00e9conomie automobile et routi\u00e8re ainsi que des ligues cantonales du trafic routier.<\/p>\n","protected":false},"author":5,"featured_media":0,"parent":0,"menu_order":0,"comment_status":"closed","ping_status":"closed","template":"","meta":{"footnotes":""},"yoast_head":"<!-- This site is optimized with the Yoast SEO plugin v21.9.1 - https:\/\/yoast.com\/wordpress\/plugins\/seo\/ -->\n<title>routesuisse - Membres<\/title>\n<meta name=\"description\" content=\"routesuisse s&#039;engage pour sauvegarder les int\u00e9r\u00eats du trafic routier.\" \/>\n<meta name=\"robots\" content=\"index, follow, max-snippet:-1, max-image-preview:large, max-video-preview:-1\" \/>\n<link rel=\"canonical\" href=\"https:\/\/strasseschweiz.ch\/fr\/membres\/\" \/>\n<meta property=\"og:locale\" content=\"fr_FR\" \/>\n<meta property=\"og:type\" content=\"article\" \/>\n<meta property=\"og:title\" content=\"routesuisse - Membres\" \/>\n<meta property=\"og:description\" content=\"routesuisse s&#039;engage pour sauvegarder les int\u00e9r\u00eats du trafic routier.\" \/>\n<meta property=\"og:url\" content=\"https:\/\/strasseschweiz.ch\/fr\/membres\/\" \/>\n<meta property=\"og:site_name\" content=\"routesuisse\" \/>\n<meta property=\"article:author\" content=\"Routesuisse\" \/>\n<meta property=\"article:modified_time\" content=\"2026-01-06T12:31:01+00:00\" \/>\n<meta property=\"og:image\" content=\"https:\/\/strasseschweiz.ch\/app\/uploads\/2021\/03\/header.jpg\" \/>\n\t<meta property=\"og:image:width\" content=\"2000\" \/>\n\t<meta property=\"og:image:height\" content=\"1334\" \/>\n\t<meta property=\"og:image:type\" content=\"image\/jpeg\" \/>\n<meta name=\"twitter:card\" content=\"summary_large_image\" \/>\n<meta name=\"twitter:label1\" content=\"Est. reading time\" \/>\n\t<meta name=\"twitter:data1\" content=\"2 minutes\" \/>\n<script type=\"application\/ld+json\" class=\"yoast-schema-graph\">{\"@context\":\"https:\/\/schema.org\",\"@graph\":[{\"@type\":\"WebPage\",\"@id\":\"https:\/\/strasseschweiz.ch\/fr\/membres\/\",\"url\":\"https:\/\/strasseschweiz.ch\/fr\/membres\/\",\"name\":\"routesuisse - Membres\",\"isPartOf\":{\"@id\":\"https:\/\/strasseschweiz.ch\/fr\/#website\"},\"datePublished\":\"2020-02-12T08:08:48+00:00\",\"dateModified\":\"2026-01-06T12:31:01+00:00\",\"description\":\"routesuisse s'engage pour sauvegarder les int\u00e9r\u00eats du trafic routier.\",\"breadcrumb\":{\"@id\":\"https:\/\/strasseschweiz.ch\/fr\/membres\/#breadcrumb\"},\"inLanguage\":\"fr-FR\",\"potentialAction\":[{\"@type\":\"ReadAction\",\"target\":[\"https:\/\/strasseschweiz.ch\/fr\/membres\/\"]}]},{\"@type\":\"BreadcrumbList\",\"@id\":\"https:\/\/strasseschweiz.ch\/fr\/membres\/#breadcrumb\",\"itemListElement\":[{\"@type\":\"ListItem\",\"position\":1,\"name\":\"Home\",\"item\":\"https:\/\/strasseschweiz.ch\/fr\/\"},{\"@type\":\"ListItem\",\"position\":2,\"name\":\"Membres\"}]},{\"@type\":\"WebSite\",\"@id\":\"https:\/\/strasseschweiz.ch\/fr\/#website\",\"url\":\"https:\/\/strasseschweiz.ch\/fr\/\",\"name\":\"routesuisse\",\"description\":\"\",\"potentialAction\":[{\"@type\":\"SearchAction\",\"target\":{\"@type\":\"EntryPoint\",\"urlTemplate\":\"https:\/\/strasseschweiz.ch\/fr\/?s={search_term_string}\"},\"query-input\":\"required name=search_term_string\"}],\"inLanguage\":\"fr-FR\"}]}<\/script>\n<!-- \/ Yoast SEO plugin. -->","yoast_head_json":{"title":"routesuisse - Membres","description":"routesuisse s'engage pour sauvegarder les int\u00e9r\u00eats du trafic routier.","robots":{"index":"index","follow":"follow","max-snippet":"max-snippet:-1","max-image-preview":"max-image-preview:large","max-video-preview":"max-video-preview:-1"},"canonical":"https:\/\/strasseschweiz.ch\/fr\/membres\/","og_locale":"fr_FR","og_type":"article","og_title":"routesuisse - Membres","og_description":"routesuisse s'engage pour sauvegarder les int\u00e9r\u00eats du trafic routier.","og_url":"https:\/\/strasseschweiz.ch\/fr\/membres\/","og_site_name":"routesuisse","article_author":"Routesuisse","article_modified_time":"2026-01-06T12:31:01+00:00","og_image":[{"width":2000,"height":1334,"url":"https:\/\/strasseschweiz.ch\/app\/uploads\/2021\/03\/header.jpg","type":"image\/jpeg"}],"twitter_card":"summary_large_image","twitter_misc":{"Est. reading time":"2 minutes"},"schema":{"@context":"https:\/\/schema.org","@graph":[{"@type":"WebPage","@id":"https:\/\/strasseschweiz.ch\/fr\/membres\/","url":"https:\/\/strasseschweiz.ch\/fr\/membres\/","name":"routesuisse - Membres","isPartOf":{"@id":"https:\/\/strasseschweiz.ch\/fr\/#website"},"datePublished":"2020-02-12T08:08:48+00:00","dateModified":"2026-01-06T12:31:01+00:00","description":"routesuisse s'engage pour sauvegarder les int\u00e9r\u00eats du trafic routier.","breadcrumb":{"@id":"https:\/\/strasseschweiz.ch\/fr\/membres\/#breadcrumb"},"inLanguage":"fr-FR","potentialAction":[{"@type":"ReadAction","target":["https:\/\/strasseschweiz.ch\/fr\/membres\/"]}]},{"@type":"BreadcrumbList","@id":"https:\/\/strasseschweiz.ch\/fr\/membres\/#breadcrumb","itemListElement":[{"@type":"ListItem","position":1,"name":"Home","item":"https:\/\/strasseschweiz.ch\/fr\/"},{"@type":"ListItem","position":2,"name":"Membres"}]},{"@type":"WebSite","@id":"https:\/\/strasseschweiz.ch\/fr\/#website","url":"https:\/\/strasseschweiz.ch\/fr\/","name":"routesuisse","description":"","potentialAction":[{"@type":"SearchAction","target":{"@type":"EntryPoint","urlTemplate":"https:\/\/strasseschweiz.ch\/fr\/?s={search_term_string}"},"query-input":"required name=search_term_string"}],"inLanguage":"fr-FR"}]}},"_links":{"self":[{"href":"https:\/\/strasseschweiz.ch\/fr\/wp-json\/wp\/v2\/pages\/304"}],"collection":[{"href":"https:\/\/strasseschweiz.ch\/fr\/wp-json\/wp\/v2\/pages"}],"about":[{"href":"https:\/\/strasseschweiz.ch\/fr\/wp-json\/wp\/v2\/types\/page"}],"author":[{"embeddable":true,"href":"https:\/\/strasseschweiz.ch\/fr\/wp-json\/wp\/v2\/users\/5"}],"replies":[{"embeddable":true,"href":"https:\/\/strasseschweiz.ch\/fr\/wp-json\/wp\/v2\/comments?post=304"}],"version-history":[{"count":29,"href":"https:\/\/strasseschweiz.ch\/fr\/wp-json\/wp\/v2\/pages\/304\/revisions"}],"predecessor-version":[{"id":2419,"href":"https:\/\/strasseschweiz.ch\/fr\/wp-json\/wp\/v2\/pages\/304\/revisions\/2419"}],"wp:attachment":[{"href":"https:\/\/strasseschweiz.ch\/fr\/wp-json\/wp\/v2\/media?parent=304"}],"curies":[{"name":"wp","href":"https:\/\/api.w.org\/{rel}","templated":true}]}}