{"id":325,"date":"2020-02-12T09:59:43","date_gmt":"2020-02-12T08:59:43","guid":{"rendered":"http:\/\/localhost\/praesidentenkonferenz-vorstand\/"},"modified":"2025-06-26T08:55:26","modified_gmt":"2025-06-26T06:55:26","slug":"praesidentenkonferenz-vorstand","status":"publish","type":"page","link":"https:\/\/strasseschweiz.ch\/fr\/praesidentenkonferenz-vorstand\/","title":{"rendered":"Conf\u00e9rence des pr\u00e9sidents"},"content":{"rendered":"\n<p>Daniel Hofer<br>Avenergy Suisse<br>Pr\u00e9sident de routesuisse<br><\/p>\n\n\n\n<p>Peter Gr\u00fcnenfelder<br>auto-suisse, Association des importateurs suisses  d\u2019automobiles<br>1\u00e8me vice-pr\u00e9sident de routesuisse<br><\/p>\n\n\n\n<p>Thierry Burkart<br>Association suisse des transports routiers ASTAG<br>2\u00e8me vice-pr\u00e9sident de routesuisse<\/p>\n\n\n\n<p>Simone Gianini<br>Automobile Club de Suisse ACS<br> <\/p>\n\n\n\n<p>Peter Goetschi<br>Touring Club Suisse TCS<br><\/p>\n\n\n\n<p>Gian-Luca Lardi<br>Soci\u00e9t\u00e9 suisse des entrepreneurs SSE<br><\/p>\n\n\n\n<p>Manfred Wellauer<br>Union professionnelle suisse de l\u2019automobile UPSA<br><\/p>\n","protected":false},"excerpt":{"rendered":"<p>Daniel HoferAvenergy SuissePr\u00e9sident de routesuisse Peter Gr\u00fcnenfelderauto-suisse, Association des importateurs suisses d\u2019automobiles1\u00e8me vice-pr\u00e9sident de routesuisse Thierry BurkartAssociation suisse des transports routiers ASTAG2\u00e8me vice-pr\u00e9sident de routesuisse Simone GianiniAutomobile Club de Suisse ACS Peter GoetschiTouring Club Suisse TCS Gian-Luca LardiSoci\u00e9t\u00e9 suisse des entrepreneurs SSE Manfred WellauerUnion professionnelle suisse de l\u2019automobile UPSA<\/p>\n","protected":false},"author":5,"featured_media":0,"parent":0,"menu_order":0,"comment_status":"closed","ping_status":"closed","template":"","meta":{"footnotes":""},"yoast_head":"<!-- This site is optimized with the Yoast SEO plugin v21.9.1 - https:\/\/yoast.com\/wordpress\/plugins\/seo\/ -->\n<title>routesuisse - Conf\u00e9rence des pr\u00e9sidents<\/title>\n<meta name=\"description\" content=\"routesuisse s&#039;engage pour sauvegarder les int\u00e9r\u00eats du trafic routier.\" \/>\n<meta name=\"robots\" content=\"index, follow, max-snippet:-1, max-image-preview:large, max-video-preview:-1\" \/>\n<link rel=\"canonical\" href=\"https:\/\/strasseschweiz.ch\/fr\/praesidentenkonferenz-vorstand\/\" \/>\n<meta property=\"og:locale\" content=\"fr_FR\" \/>\n<meta property=\"og:type\" content=\"article\" \/>\n<meta property=\"og:title\" content=\"routesuisse - Conf\u00e9rence des pr\u00e9sidents\" \/>\n<meta property=\"og:description\" content=\"routesuisse s&#039;engage pour sauvegarder les int\u00e9r\u00eats du trafic routier.\" \/>\n<meta property=\"og:url\" content=\"https:\/\/strasseschweiz.ch\/fr\/praesidentenkonferenz-vorstand\/\" \/>\n<meta property=\"og:site_name\" content=\"routesuisse\" \/>\n<meta property=\"article:author\" content=\"Routesuisse\" \/>\n<meta property=\"article:modified_time\" content=\"2025-06-26T06:55:26+00:00\" \/>\n<meta property=\"og:image\" content=\"https:\/\/strasseschweiz.ch\/app\/uploads\/2021\/03\/header.jpg\" \/>\n\t<meta property=\"og:image:width\" content=\"2000\" \/>\n\t<meta property=\"og:image:height\" content=\"1334\" \/>\n\t<meta property=\"og:image:type\" content=\"image\/jpeg\" \/>\n<meta name=\"twitter:card\" content=\"summary_large_image\" \/>\n<meta name=\"twitter:label1\" content=\"Est. reading time\" \/>\n\t<meta name=\"twitter:data1\" content=\"1 minute\" \/>\n<script type=\"application\/ld+json\" class=\"yoast-schema-graph\">{\"@context\":\"https:\/\/schema.org\",\"@graph\":[{\"@type\":\"WebPage\",\"@id\":\"https:\/\/strasseschweiz.ch\/fr\/praesidentenkonferenz-vorstand\/\",\"url\":\"https:\/\/strasseschweiz.ch\/fr\/praesidentenkonferenz-vorstand\/\",\"name\":\"routesuisse - Conf\u00e9rence des pr\u00e9sidents\",\"isPartOf\":{\"@id\":\"https:\/\/strasseschweiz.ch\/fr\/#website\"},\"datePublished\":\"2020-02-12T08:59:43+00:00\",\"dateModified\":\"2025-06-26T06:55:26+00:00\",\"description\":\"routesuisse s'engage pour sauvegarder les int\u00e9r\u00eats du trafic routier.\",\"breadcrumb\":{\"@id\":\"https:\/\/strasseschweiz.ch\/fr\/praesidentenkonferenz-vorstand\/#breadcrumb\"},\"inLanguage\":\"fr-FR\",\"potentialAction\":[{\"@type\":\"ReadAction\",\"target\":[\"https:\/\/strasseschweiz.ch\/fr\/praesidentenkonferenz-vorstand\/\"]}]},{\"@type\":\"BreadcrumbList\",\"@id\":\"https:\/\/strasseschweiz.ch\/fr\/praesidentenkonferenz-vorstand\/#breadcrumb\",\"itemListElement\":[{\"@type\":\"ListItem\",\"position\":1,\"name\":\"Home\",\"item\":\"https:\/\/strasseschweiz.ch\/fr\/\"},{\"@type\":\"ListItem\",\"position\":2,\"name\":\"Conf\u00e9rence des pr\u00e9sidents\"}]},{\"@type\":\"WebSite\",\"@id\":\"https:\/\/strasseschweiz.ch\/fr\/#website\",\"url\":\"https:\/\/strasseschweiz.ch\/fr\/\",\"name\":\"routesuisse\",\"description\":\"\",\"potentialAction\":[{\"@type\":\"SearchAction\",\"target\":{\"@type\":\"EntryPoint\",\"urlTemplate\":\"https:\/\/strasseschweiz.ch\/fr\/?s={search_term_string}\"},\"query-input\":\"required name=search_term_string\"}],\"inLanguage\":\"fr-FR\"}]}<\/script>\n<!-- \/ Yoast SEO plugin. -->","yoast_head_json":{"title":"routesuisse - Conf\u00e9rence des pr\u00e9sidents","description":"routesuisse s'engage pour sauvegarder les int\u00e9r\u00eats du trafic routier.","robots":{"index":"index","follow":"follow","max-snippet":"max-snippet:-1","max-image-preview":"max-image-preview:large","max-video-preview":"max-video-preview:-1"},"canonical":"https:\/\/strasseschweiz.ch\/fr\/praesidentenkonferenz-vorstand\/","og_locale":"fr_FR","og_type":"article","og_title":"routesuisse - Conf\u00e9rence des pr\u00e9sidents","og_description":"routesuisse s'engage pour sauvegarder les int\u00e9r\u00eats du trafic routier.","og_url":"https:\/\/strasseschweiz.ch\/fr\/praesidentenkonferenz-vorstand\/","og_site_name":"routesuisse","article_author":"Routesuisse","article_modified_time":"2025-06-26T06:55:26+00:00","og_image":[{"width":2000,"height":1334,"url":"https:\/\/strasseschweiz.ch\/app\/uploads\/2021\/03\/header.jpg","type":"image\/jpeg"}],"twitter_card":"summary_large_image","twitter_misc":{"Est. reading time":"1 minute"},"schema":{"@context":"https:\/\/schema.org","@graph":[{"@type":"WebPage","@id":"https:\/\/strasseschweiz.ch\/fr\/praesidentenkonferenz-vorstand\/","url":"https:\/\/strasseschweiz.ch\/fr\/praesidentenkonferenz-vorstand\/","name":"routesuisse - Conf\u00e9rence des pr\u00e9sidents","isPartOf":{"@id":"https:\/\/strasseschweiz.ch\/fr\/#website"},"datePublished":"2020-02-12T08:59:43+00:00","dateModified":"2025-06-26T06:55:26+00:00","description":"routesuisse s'engage pour sauvegarder les int\u00e9r\u00eats du trafic routier.","breadcrumb":{"@id":"https:\/\/strasseschweiz.ch\/fr\/praesidentenkonferenz-vorstand\/#breadcrumb"},"inLanguage":"fr-FR","potentialAction":[{"@type":"ReadAction","target":["https:\/\/strasseschweiz.ch\/fr\/praesidentenkonferenz-vorstand\/"]}]},{"@type":"BreadcrumbList","@id":"https:\/\/strasseschweiz.ch\/fr\/praesidentenkonferenz-vorstand\/#breadcrumb","itemListElement":[{"@type":"ListItem","position":1,"name":"Home","item":"https:\/\/strasseschweiz.ch\/fr\/"},{"@type":"ListItem","position":2,"name":"Conf\u00e9rence des pr\u00e9sidents"}]},{"@type":"WebSite","@id":"https:\/\/strasseschweiz.ch\/fr\/#website","url":"https:\/\/strasseschweiz.ch\/fr\/","name":"routesuisse","description":"","potentialAction":[{"@type":"SearchAction","target":{"@type":"EntryPoint","urlTemplate":"https:\/\/strasseschweiz.ch\/fr\/?s={search_term_string}"},"query-input":"required name=search_term_string"}],"inLanguage":"fr-FR"}]}},"_links":{"self":[{"href":"https:\/\/strasseschweiz.ch\/fr\/wp-json\/wp\/v2\/pages\/325"}],"collection":[{"href":"https:\/\/strasseschweiz.ch\/fr\/wp-json\/wp\/v2\/pages"}],"about":[{"href":"https:\/\/strasseschweiz.ch\/fr\/wp-json\/wp\/v2\/types\/page"}],"author":[{"embeddable":true,"href":"https:\/\/strasseschweiz.ch\/fr\/wp-json\/wp\/v2\/users\/5"}],"replies":[{"embeddable":true,"href":"https:\/\/strasseschweiz.ch\/fr\/wp-json\/wp\/v2\/comments?post=325"}],"version-history":[{"count":26,"href":"https:\/\/strasseschweiz.ch\/fr\/wp-json\/wp\/v2\/pages\/325\/revisions"}],"predecessor-version":[{"id":2349,"href":"https:\/\/strasseschweiz.ch\/fr\/wp-json\/wp\/v2\/pages\/325\/revisions\/2349"}],"wp:attachment":[{"href":"https:\/\/strasseschweiz.ch\/fr\/wp-json\/wp\/v2\/media?parent=325"}],"curies":[{"name":"wp","href":"https:\/\/api.w.org\/{rel}","templated":true}]}}