{"id":548,"date":"2020-07-27T10:28:19","date_gmt":"2020-07-27T08:28:19","guid":{"rendered":"https:\/\/www.strasseschweiz.ch\/?page_id=548"},"modified":"2025-06-05T09:52:50","modified_gmt":"2025-06-05T07:52:50","slug":"comite","status":"publish","type":"page","link":"https:\/\/strasseschweiz.ch\/fr\/comite\/","title":{"rendered":"Comit\u00e9"},"content":{"rendered":"\n<p>J\u00f6rg Bucher<br>motosuisse<\/p>\n\n\n\n<p>Thierry Burkart<br>Association suisse des transports routiers ASTAG   <\/p>\n\n\n\n<p>Daniela Decurtins<br>Association suisse de l\u2019industrie gazi\u00e8re ASIG <\/p>\n\n\n\n<p>Roman Engeler<br>Association suisse pour l\u2019\u00e9quipement technique de l\u2019agriculture ASETA<\/p>\n\n\n\n<p>Michael Frank<br>Association des entreprises \u00e9lectriques suisses AES<\/p>\n\n\n\n<p>Michael Gehrken<br>L-drive Schweiz \/ Suisse \/ Svizzera<\/p>\n\n\n\n<p>Simone Gianini<br>Automobile Club de Suisse ACS  <\/p>\n\n\n\n<p>Peter Goetschi<br>Touring Club Suisse TCS<\/p>\n\n\n\n<p>Peter Gr\u00fcnenfelder<br>auto-suisse, Association des importateurs suisses d\u2019automobiles<\/p>\n\n\n\n<p>Daniel Hofer<br>Avenergy Suisse<\/p>\n\n\n\n<p>Dominique Kolly<br>transport-CH<\/p>\n\n\n\n<p>Erhard Luginb\u00fchl<br>Swiss Automotive Aftermarket SAA<\/p>\n\n\n\n<p>David Piras<br>Les Routiers Suisses<\/p>\n\n\n\n<p>Bernhard Salzmann<br>Soci\u00e9t\u00e9 suisse des entrepreneurs SSE<\/p>\n\n\n\n<p>Roger Uhr<br>F\u00e9d\u00e9ration suisse d\u2019automobilistes et de motocyclistes SAM  <\/p>\n\n\n\n<p>Christian Wasserfallen<br>Infra Suisse<\/p>\n\n\n\n<p>Manfred Wellauer<br>Union professionnelle suisse de l\u2019automobile UPSA<\/p>\n\n\n\n<p>Walter Wobmann<br>F\u00e9d\u00e9ration motorcycliste suisse FMS<\/p>\n\n\n\n<p>Felix Wyss<br>carrosserie suisse<\/p>\n","protected":false},"excerpt":{"rendered":"<p>J\u00f6rg Buchermotosuisse Thierry BurkartAssociation suisse des transports routiers ASTAG Daniela DecurtinsAssociation suisse de l\u2019industrie gazi\u00e8re ASIG Roman EngelerAssociation suisse pour l\u2019\u00e9quipement technique de l\u2019agriculture ASETA Michael FrankAssociation des entreprises \u00e9lectriques suisses AES Michael GehrkenL-drive Schweiz \/ Suisse \/ Svizzera Simone GianiniAutomobile Club de Suisse ACS Peter GoetschiTouring Club Suisse TCS Peter Gr\u00fcnenfelderauto-suisse, Association des importateurs &hellip;<\/p>\n","protected":false},"author":5,"featured_media":0,"parent":0,"menu_order":0,"comment_status":"closed","ping_status":"closed","template":"","meta":{"footnotes":""},"yoast_head":"<!-- This site is optimized with the Yoast SEO plugin v21.9.1 - https:\/\/yoast.com\/wordpress\/plugins\/seo\/ -->\n<title>routesuisse - Comit\u00e9<\/title>\n<meta name=\"description\" content=\"routesuisse s&#039;engage pour sauvegarder les int\u00e9r\u00eats du trafic routier.\" \/>\n<meta name=\"robots\" content=\"index, follow, max-snippet:-1, max-image-preview:large, max-video-preview:-1\" \/>\n<link rel=\"canonical\" href=\"https:\/\/strasseschweiz.ch\/fr\/comite\/\" \/>\n<meta property=\"og:locale\" content=\"fr_FR\" \/>\n<meta property=\"og:type\" content=\"article\" \/>\n<meta property=\"og:title\" content=\"routesuisse - Comit\u00e9\" \/>\n<meta property=\"og:description\" content=\"routesuisse s&#039;engage pour sauvegarder les int\u00e9r\u00eats du trafic routier.\" \/>\n<meta property=\"og:url\" content=\"https:\/\/strasseschweiz.ch\/fr\/comite\/\" \/>\n<meta property=\"og:site_name\" content=\"routesuisse\" \/>\n<meta property=\"article:author\" content=\"Routesuisse\" \/>\n<meta property=\"article:modified_time\" content=\"2025-06-05T07:52:50+00:00\" \/>\n<meta property=\"og:image\" content=\"https:\/\/strasseschweiz.ch\/app\/uploads\/2021\/03\/header.jpg\" \/>\n\t<meta property=\"og:image:width\" content=\"2000\" \/>\n\t<meta property=\"og:image:height\" content=\"1334\" \/>\n\t<meta property=\"og:image:type\" content=\"image\/jpeg\" \/>\n<meta name=\"twitter:card\" content=\"summary_large_image\" \/>\n<meta name=\"twitter:label1\" content=\"Est. reading time\" \/>\n\t<meta name=\"twitter:data1\" content=\"1 minute\" \/>\n<script type=\"application\/ld+json\" class=\"yoast-schema-graph\">{\"@context\":\"https:\/\/schema.org\",\"@graph\":[{\"@type\":\"WebPage\",\"@id\":\"https:\/\/strasseschweiz.ch\/fr\/comite\/\",\"url\":\"https:\/\/strasseschweiz.ch\/fr\/comite\/\",\"name\":\"routesuisse - Comit\u00e9\",\"isPartOf\":{\"@id\":\"https:\/\/strasseschweiz.ch\/fr\/#website\"},\"datePublished\":\"2020-07-27T08:28:19+00:00\",\"dateModified\":\"2025-06-05T07:52:50+00:00\",\"description\":\"routesuisse s'engage pour sauvegarder les int\u00e9r\u00eats du trafic routier.\",\"breadcrumb\":{\"@id\":\"https:\/\/strasseschweiz.ch\/fr\/comite\/#breadcrumb\"},\"inLanguage\":\"fr-FR\",\"potentialAction\":[{\"@type\":\"ReadAction\",\"target\":[\"https:\/\/strasseschweiz.ch\/fr\/comite\/\"]}]},{\"@type\":\"BreadcrumbList\",\"@id\":\"https:\/\/strasseschweiz.ch\/fr\/comite\/#breadcrumb\",\"itemListElement\":[{\"@type\":\"ListItem\",\"position\":1,\"name\":\"Home\",\"item\":\"https:\/\/strasseschweiz.ch\/fr\/\"},{\"@type\":\"ListItem\",\"position\":2,\"name\":\"Comit\u00e9\"}]},{\"@type\":\"WebSite\",\"@id\":\"https:\/\/strasseschweiz.ch\/fr\/#website\",\"url\":\"https:\/\/strasseschweiz.ch\/fr\/\",\"name\":\"routesuisse\",\"description\":\"\",\"potentialAction\":[{\"@type\":\"SearchAction\",\"target\":{\"@type\":\"EntryPoint\",\"urlTemplate\":\"https:\/\/strasseschweiz.ch\/fr\/?s={search_term_string}\"},\"query-input\":\"required name=search_term_string\"}],\"inLanguage\":\"fr-FR\"}]}<\/script>\n<!-- \/ Yoast SEO plugin. -->","yoast_head_json":{"title":"routesuisse - Comit\u00e9","description":"routesuisse s'engage pour sauvegarder les int\u00e9r\u00eats du trafic routier.","robots":{"index":"index","follow":"follow","max-snippet":"max-snippet:-1","max-image-preview":"max-image-preview:large","max-video-preview":"max-video-preview:-1"},"canonical":"https:\/\/strasseschweiz.ch\/fr\/comite\/","og_locale":"fr_FR","og_type":"article","og_title":"routesuisse - Comit\u00e9","og_description":"routesuisse s'engage pour sauvegarder les int\u00e9r\u00eats du trafic routier.","og_url":"https:\/\/strasseschweiz.ch\/fr\/comite\/","og_site_name":"routesuisse","article_author":"Routesuisse","article_modified_time":"2025-06-05T07:52:50+00:00","og_image":[{"width":2000,"height":1334,"url":"https:\/\/strasseschweiz.ch\/app\/uploads\/2021\/03\/header.jpg","type":"image\/jpeg"}],"twitter_card":"summary_large_image","twitter_misc":{"Est. reading time":"1 minute"},"schema":{"@context":"https:\/\/schema.org","@graph":[{"@type":"WebPage","@id":"https:\/\/strasseschweiz.ch\/fr\/comite\/","url":"https:\/\/strasseschweiz.ch\/fr\/comite\/","name":"routesuisse - Comit\u00e9","isPartOf":{"@id":"https:\/\/strasseschweiz.ch\/fr\/#website"},"datePublished":"2020-07-27T08:28:19+00:00","dateModified":"2025-06-05T07:52:50+00:00","description":"routesuisse s'engage pour sauvegarder les int\u00e9r\u00eats du trafic routier.","breadcrumb":{"@id":"https:\/\/strasseschweiz.ch\/fr\/comite\/#breadcrumb"},"inLanguage":"fr-FR","potentialAction":[{"@type":"ReadAction","target":["https:\/\/strasseschweiz.ch\/fr\/comite\/"]}]},{"@type":"BreadcrumbList","@id":"https:\/\/strasseschweiz.ch\/fr\/comite\/#breadcrumb","itemListElement":[{"@type":"ListItem","position":1,"name":"Home","item":"https:\/\/strasseschweiz.ch\/fr\/"},{"@type":"ListItem","position":2,"name":"Comit\u00e9"}]},{"@type":"WebSite","@id":"https:\/\/strasseschweiz.ch\/fr\/#website","url":"https:\/\/strasseschweiz.ch\/fr\/","name":"routesuisse","description":"","potentialAction":[{"@type":"SearchAction","target":{"@type":"EntryPoint","urlTemplate":"https:\/\/strasseschweiz.ch\/fr\/?s={search_term_string}"},"query-input":"required name=search_term_string"}],"inLanguage":"fr-FR"}]}},"_links":{"self":[{"href":"https:\/\/strasseschweiz.ch\/fr\/wp-json\/wp\/v2\/pages\/548"}],"collection":[{"href":"https:\/\/strasseschweiz.ch\/fr\/wp-json\/wp\/v2\/pages"}],"about":[{"href":"https:\/\/strasseschweiz.ch\/fr\/wp-json\/wp\/v2\/types\/page"}],"author":[{"embeddable":true,"href":"https:\/\/strasseschweiz.ch\/fr\/wp-json\/wp\/v2\/users\/5"}],"replies":[{"embeddable":true,"href":"https:\/\/strasseschweiz.ch\/fr\/wp-json\/wp\/v2\/comments?post=548"}],"version-history":[{"count":20,"href":"https:\/\/strasseschweiz.ch\/fr\/wp-json\/wp\/v2\/pages\/548\/revisions"}],"predecessor-version":[{"id":2338,"href":"https:\/\/strasseschweiz.ch\/fr\/wp-json\/wp\/v2\/pages\/548\/revisions\/2338"}],"wp:attachment":[{"href":"https:\/\/strasseschweiz.ch\/fr\/wp-json\/wp\/v2\/media?parent=548"}],"curies":[{"name":"wp","href":"https:\/\/api.w.org\/{rel}","templated":true}]}}